{"id":474,"date":"2024-09-16T08:20:43","date_gmt":"2024-09-16T08:20:43","guid":{"rendered":"https:\/\/baltsunmelns.lv\/?page_id=474"},"modified":"2025-03-29T15:22:38","modified_gmt":"2025-03-29T15:22:38","slug":"blogs","status":"publish","type":"page","link":"https:\/\/baltsunmelns.lv\/lv\/blogs\/","title":{"rendered":"Blogs"},"content":{"rendered":"\t\t<div data-elementor-type=\"wp-page\" data-elementor-id=\"474\" class=\"elementor elementor-474\">\n\t\t\t\t<div class=\"elementor-element elementor-element-5ed648c1 e-flex e-con-boxed wpr-particle-no wpr-jarallax-no wpr-parallax-no wpr-sticky-section-no wpr-equal-height-no e-con e-parent\" data-id=\"5ed648c1\" data-element_type=\"container\" data-e-type=\"container\">\n\t\t\t\t\t<div class=\"e-con-inner\">\n\t\t\t\t<div class=\"elementor-element elementor-element-4e6e6b74 elementor-widget elementor-widget-heading\" data-id=\"4e6e6b74\" data-element_type=\"widget\" data-e-type=\"widget\" data-widget_type=\"heading.default\">\n\t\t\t\t<div class=\"elementor-widget-container\">\n\t\t\t\t\t<h1 class=\"elementor-heading-title elementor-size-default\">Blogs<\/h1>\t\t\t\t<\/div>\n\t\t\t\t<\/div>\n\t\t\t\t<div class=\"elementor-element elementor-element-6c01e90e elementor-widget__width-initial elementor-widget-mobile__width-inherit elementor-widget-tablet__width-inherit elementor-widget elementor-widget-text-editor\" data-id=\"6c01e90e\" data-element_type=\"widget\" data-e-type=\"widget\" data-widget_type=\"text-editor.default\">\n\t\t\t\t<div class=\"elementor-widget-container\">\n\t\t\t\t\t\t\t\t\t<p data-sourcepos=\"13:3-13:218\">Iepaz\u012bsties ar jaun\u0101kaj\u0101m tendenc\u0113m un aktualit\u0101t\u0113m projekt\u0113\u0161anas nozar\u0113! M\u016bsu blogs pied\u0101v\u0101 noder\u012bgu inform\u0101ciju, padomus un ekspertu viedok\u013cus par b\u016bvniec\u012bbas jomu Latvij\u0101.<\/p>\t\t\t\t\t\t\t\t<\/div>\n\t\t\t\t<\/div>\n\t\t\t\t\t<\/div>\n\t\t\t\t<\/div>\n\t\t<div class=\"elementor-element elementor-element-190200da e-flex e-con-boxed wpr-particle-no wpr-jarallax-no wpr-parallax-no wpr-sticky-section-no wpr-equal-height-no e-con e-parent\" data-id=\"190200da\" data-element_type=\"container\" data-e-type=\"container\">\n\t\t\t\t\t<div class=\"e-con-inner\">\n\t\t\t\t<div class=\"elementor-element elementor-element-7711457 elementor-widget elementor-widget-qi_addons_for_elementor_blog_list\" data-id=\"7711457\" data-element_type=\"widget\" data-e-type=\"widget\" data-widget_type=\"qi_addons_for_elementor_blog_list.default\">\n\t\t\t\t<div class=\"elementor-widget-container\">\n\t\t\t\t\t<div class=\"qodef-shortcode qodef-m qodef-addons-blog-list qodef-info-no-icons qodef-image--hover-zoom qodef-qi-grid qodef-layout--qi-masonry qodef-col-num--2 qodef-item-layout--boxed qodef-responsive--predefined\" >\n\t<div class=\"qodef-grid-inner\">\n\t\t\t<div class=\"qodef-qi-grid-masonry-sizer\"><\/div>\n<article class=\"qodef-e qodef-blog-item qodef-grid-item post-1912 post type-post status-publish format-standard has-post-thumbnail hentry category-blogs\">\n\t<div class=\"qodef-e-inner\">\n\t\t<div class=\"qodef-e-media-holder\">\n\t\t\t<div class=\"qodef-e-media\">\n\t\t<div class=\"qodef-e-media-image\">\n\t\t<a itemprop=\"url\" href=\"https:\/\/baltsunmelns.lv\/lv\/blogs\/autoruzraudzibas-au-kompetences-robezas\/\">\n\t\t\t<img fetchpriority=\"high\" decoding=\"async\" width=\"2560\" height=\"1440\" src=\"https:\/\/baltsunmelns.lv\/wp-content\/uploads\/2025\/12\/aU-attels-scaled.webp\" class=\"attachment- size-\" alt=\"AUTORUZRAUDZ\u012aBAS (AU) KOMPETENCES ROBE\u017dAS\" srcset=\"https:\/\/baltsunmelns.lv\/wp-content\/uploads\/2025\/12\/aU-attels-scaled.webp 2560w, https:\/\/baltsunmelns.lv\/wp-content\/uploads\/2025\/12\/aU-attels-300x169.webp 300w, https:\/\/baltsunmelns.lv\/wp-content\/uploads\/2025\/12\/aU-attels-1024x576.webp 1024w, https:\/\/baltsunmelns.lv\/wp-content\/uploads\/2025\/12\/aU-attels-768x432.webp 768w, https:\/\/baltsunmelns.lv\/wp-content\/uploads\/2025\/12\/aU-attels-1536x864.webp 1536w, https:\/\/baltsunmelns.lv\/wp-content\/uploads\/2025\/12\/aU-attels-2048x1152.webp 2048w, https:\/\/baltsunmelns.lv\/wp-content\/uploads\/2025\/12\/aU-attels-18x10.webp 18w\" sizes=\"(max-width: 2560px) 100vw, 2560px\" title=\"\">\t\t<\/a>\n\t\t\t<\/div>\n<\/div>\n\t\t<\/div>\n\t\t<div class=\"qodef-e-content\">\n\t\t\t\t\t\t<div class=\"qodef-e-text\">\n\t\t\t\t<h3 itemprop=\"name\" class=\"qodef-e-title entry-title\">\n\t<a itemprop=\"url\" class=\"qodef-e-title-link\" href=\"https:\/\/baltsunmelns.lv\/lv\/blogs\/autoruzraudzibas-au-kompetences-robezas\/\">\n\t\tAutoruzraudz\u012bbas (AU) kompetences robe\u017eas\t<\/a>\n<\/h3>\n\t\t<p itemprop=\"description\" class=\"qodef-e-excerpt\">\n\t\t\tNoteikumi  nosaka, kas ir autoruzraudz\u012bba, k\u0101di ir autoruzraudz\u012bbas m\u0113r\u0137i, k\u0101di ir autoruzrauga pien\u0101kumi un ties\u012bbas.\t\t<\/p>\n\t\t\t\t<\/div>\n\t\t\t\t\t\t\t<div class=\"qodef-e-info qodef-info--bottom\">\n\t\t\t\t\t\t<div class=\"qodef-e-read-more\">\n\t\t<a class=\"qodef-shortcode qodef-m qodef-qi-button qodef-html--link qodef-layout--filled qodef-type--standard qodef-size--large qodef-icon--right qodef-hover--icon-move-horizontal-short\" href=\"https:\/\/baltsunmelns.lv\/lv\/blogs\/autoruzraudzibas-au-kompetences-robezas\/\" target=\"_self\">\t<span class=\"qodef-m-text\">Las\u012bt rakstu<\/span>\t<\/a>\t<\/div>\n\t\t\t\t<\/div>\n\t\t\t\t\t<\/div>\n\t<\/div>\n<\/article>\n<article class=\"qodef-e qodef-blog-item qodef-grid-item post-1893 post type-post status-publish format-standard has-post-thumbnail hentry category-blogs\">\n\t<div class=\"qodef-e-inner\">\n\t\t<div class=\"qodef-e-media-holder\">\n\t\t\t<div class=\"qodef-e-media\">\n\t\t<div class=\"qodef-e-media-image\">\n\t\t<a itemprop=\"url\" href=\"https:\/\/baltsunmelns.lv\/lv\/blogs\/atbalsts-procesu-digitalizacijai\/\">\n\t\t\t<img decoding=\"async\" width=\"1640\" height=\"923\" src=\"https:\/\/baltsunmelns.lv\/wp-content\/uploads\/2025\/12\/ImageWorking.webp\" class=\"attachment- size-\" alt=\"\" srcset=\"https:\/\/baltsunmelns.lv\/wp-content\/uploads\/2025\/12\/ImageWorking.webp 1640w, https:\/\/baltsunmelns.lv\/wp-content\/uploads\/2025\/12\/ImageWorking-300x169.webp 300w, https:\/\/baltsunmelns.lv\/wp-content\/uploads\/2025\/12\/ImageWorking-1024x576.webp 1024w, https:\/\/baltsunmelns.lv\/wp-content\/uploads\/2025\/12\/ImageWorking-768x432.webp 768w, https:\/\/baltsunmelns.lv\/wp-content\/uploads\/2025\/12\/ImageWorking-1536x864.webp 1536w, https:\/\/baltsunmelns.lv\/wp-content\/uploads\/2025\/12\/ImageWorking-18x10.webp 18w\" sizes=\"(max-width: 1640px) 100vw, 1640px\" title=\"\">\t\t<\/a>\n\t\t\t<\/div>\n<\/div>\n\t\t<\/div>\n\t\t<div class=\"qodef-e-content\">\n\t\t\t\t\t\t<div class=\"qodef-e-text\">\n\t\t\t\t<h3 itemprop=\"name\" class=\"qodef-e-title entry-title\">\n\t<a itemprop=\"url\" class=\"qodef-e-title-link\" href=\"https:\/\/baltsunmelns.lv\/lv\/blogs\/atbalsts-procesu-digitalizacijai\/\">\n\t\tAtbalsts procesu digitaliz\u0101cijai\t<\/a>\n<\/h3>\n\t\t<p itemprop=\"description\" class=\"qodef-e-excerpt\">\n\t\t\tBALTS UN MELNS \u0146em dal\u012bbu Eiropas Savien\u012bbas atbalsta programmas projekt\u0101 \u201cAtbalsts procesu digitaliz\u0101cijai\u201d\t\t<\/p>\n\t\t\t\t<\/div>\n\t\t\t\t\t\t\t<div class=\"qodef-e-info qodef-info--bottom\">\n\t\t\t\t\t\t<div class=\"qodef-e-read-more\">\n\t\t<a class=\"qodef-shortcode qodef-m qodef-qi-button qodef-html--link qodef-layout--filled qodef-type--standard qodef-size--large qodef-icon--right qodef-hover--icon-move-horizontal-short\" href=\"https:\/\/baltsunmelns.lv\/lv\/blogs\/atbalsts-procesu-digitalizacijai\/\" target=\"_self\">\t<span class=\"qodef-m-text\">Las\u012bt rakstu<\/span>\t<\/a>\t<\/div>\n\t\t\t\t<\/div>\n\t\t\t\t\t<\/div>\n\t<\/div>\n<\/article>\n<article class=\"qodef-e qodef-blog-item qodef-grid-item post-1821 post type-post status-publish format-standard has-post-thumbnail hentry category-blogs\">\n\t<div class=\"qodef-e-inner\">\n\t\t<div class=\"qodef-e-media-holder\">\n\t\t\t<div class=\"qodef-e-media\">\n\t\t<div class=\"qodef-e-media-image\">\n\t\t<a itemprop=\"url\" href=\"https:\/\/baltsunmelns.lv\/lv\/blogs\/piejuras-brivdabas-muzeja-eka-ventspili-2-vieta-gada-labaka-buve-latvija-2025\/\">\n\t\t\t<img decoding=\"async\" width=\"1000\" height=\"667\" src=\"https:\/\/baltsunmelns.lv\/wp-content\/uploads\/2025\/03\/Projekts_Ventspils.webp\" class=\"attachment- size-\" alt=\"Piej\u016bras br\u012bvdabas muzeja \u0113ka Ventspil\u012b\" srcset=\"https:\/\/baltsunmelns.lv\/wp-content\/uploads\/2025\/03\/Projekts_Ventspils.webp 1000w, https:\/\/baltsunmelns.lv\/wp-content\/uploads\/2025\/03\/Projekts_Ventspils-300x200.webp 300w, https:\/\/baltsunmelns.lv\/wp-content\/uploads\/2025\/03\/Projekts_Ventspils-768x512.webp 768w, https:\/\/baltsunmelns.lv\/wp-content\/uploads\/2025\/03\/Projekts_Ventspils-18x12.webp 18w\" sizes=\"(max-width: 1000px) 100vw, 1000px\" title=\"\">\t\t<\/a>\n\t\t\t<\/div>\n<\/div>\n\t\t<\/div>\n\t\t<div class=\"qodef-e-content\">\n\t\t\t\t\t\t<div class=\"qodef-e-text\">\n\t\t\t\t<h3 itemprop=\"name\" class=\"qodef-e-title entry-title\">\n\t<a itemprop=\"url\" class=\"qodef-e-title-link\" href=\"https:\/\/baltsunmelns.lv\/lv\/blogs\/piejuras-brivdabas-muzeja-eka-ventspili-2-vieta-gada-labaka-buve-latvija-2025\/\">\n\t\tPiej\u016bras br\u012bvdabas muzeja \u0113ka Ventspil\u012b \u2013 2. vieta \u201eGada lab\u0101k\u0101 b\u016bve Latvij\u0101\u201c 2025\t<\/a>\n<\/h3>\n\t\t<p itemprop=\"description\" class=\"qodef-e-excerpt\">\n\t\t\t\u201eGada lab\u0101k\u0101 b\u016bve Latvij\u0101\u201c, kas \u0161ogad norisin\u0101j\u0101s jau 27. reizi, par vienu no izcil\u0101kajiem publisk\u0101s b\u016bvniec\u012bbas projektiem tika atz\u012bta Piej\u016bras br\u012bvdabas muzeja\t\t<\/p>\n\t\t\t\t<\/div>\n\t\t\t\t\t\t\t<div class=\"qodef-e-info qodef-info--bottom\">\n\t\t\t\t\t\t<div class=\"qodef-e-read-more\">\n\t\t<a class=\"qodef-shortcode qodef-m qodef-qi-button qodef-html--link qodef-layout--filled qodef-type--standard qodef-size--large qodef-icon--right qodef-hover--icon-move-horizontal-short\" href=\"https:\/\/baltsunmelns.lv\/lv\/blogs\/piejuras-brivdabas-muzeja-eka-ventspili-2-vieta-gada-labaka-buve-latvija-2025\/\" target=\"_self\">\t<span class=\"qodef-m-text\">Las\u012bt rakstu<\/span>\t<\/a>\t<\/div>\n\t\t\t\t<\/div>\n\t\t\t\t\t<\/div>\n\t<\/div>\n<\/article>\n<article class=\"qodef-e qodef-blog-item qodef-grid-item post-1814 post type-post status-publish format-standard has-post-thumbnail hentry category-blogs\">\n\t<div class=\"qodef-e-inner\">\n\t\t<div class=\"qodef-e-media-holder\">\n\t\t\t<div class=\"qodef-e-media\">\n\t\t<div class=\"qodef-e-media-image\">\n\t\t<a itemprop=\"url\" href=\"https:\/\/baltsunmelns.lv\/lv\/blogs\/pirmsskolas-iestade-ciekurins-parbuve\/\">\n\t\t\t<img loading=\"lazy\" decoding=\"async\" width=\"1400\" height=\"788\" src=\"https:\/\/baltsunmelns.lv\/wp-content\/uploads\/2025\/09\/Ciekurins.webp\" class=\"attachment- size-\" alt=\"3. vietu konkurs\u0101 \u201cGada lab\u0101k\u0101 b\u016bve Latvij\u0101 2024\u201d nomin\u0101cij\u0101 \u201cP\u0101rb\u016bve un atjauno\u0161ana\u201d - pirmsskolas izgl\u012bt\u012bbas iest\u0101de \u201c\u010ciekuri\u0146\u0161\u201d\" srcset=\"https:\/\/baltsunmelns.lv\/wp-content\/uploads\/2025\/09\/Ciekurins.webp 1400w, https:\/\/baltsunmelns.lv\/wp-content\/uploads\/2025\/09\/Ciekurins-300x169.webp 300w, https:\/\/baltsunmelns.lv\/wp-content\/uploads\/2025\/09\/Ciekurins-1024x576.webp 1024w, https:\/\/baltsunmelns.lv\/wp-content\/uploads\/2025\/09\/Ciekurins-768x432.webp 768w, https:\/\/baltsunmelns.lv\/wp-content\/uploads\/2025\/09\/Ciekurins-18x10.webp 18w\" sizes=\"(max-width: 1400px) 100vw, 1400px\" title=\"\">\t\t<\/a>\n\t\t\t<\/div>\n<\/div>\n\t\t<\/div>\n\t\t<div class=\"qodef-e-content\">\n\t\t\t\t\t\t<div class=\"qodef-e-text\">\n\t\t\t\t<h3 itemprop=\"name\" class=\"qodef-e-title entry-title\">\n\t<a itemprop=\"url\" class=\"qodef-e-title-link\" href=\"https:\/\/baltsunmelns.lv\/lv\/blogs\/pirmsskolas-iestade-ciekurins-parbuve\/\">\n\t\tPirmsskolas izgl\u012bt\u012bbas iest\u0101de \u201c\u010ciekuri\u0146\u0161\u201d\t<\/a>\n<\/h3>\n\t\t<p itemprop=\"description\" class=\"qodef-e-excerpt\">\n\t\t\tBlogs Pirmsskolas izgl\u012bt\u012bbas iest\u0101de \u201c\u010ciekuri\u0146\u0161\u201d Olain\u0113, Me\u017eaparka za\u013caj\u0101 vid\u0113, Vesel\u012bbas iel\u0101 7, \u012bstenots noz\u012bm\u012bgs p\u0101rb\u016bves un atjauno\u0161anas projekts \u2013 pir\t\t<\/p>\n\t\t\t\t<\/div>\n\t\t\t\t\t\t\t<div class=\"qodef-e-info qodef-info--bottom\">\n\t\t\t\t\t\t<div class=\"qodef-e-read-more\">\n\t\t<a class=\"qodef-shortcode qodef-m qodef-qi-button qodef-html--link qodef-layout--filled qodef-type--standard qodef-size--large qodef-icon--right qodef-hover--icon-move-horizontal-short\" href=\"https:\/\/baltsunmelns.lv\/lv\/blogs\/pirmsskolas-iestade-ciekurins-parbuve\/\" target=\"_self\">\t<span class=\"qodef-m-text\">Las\u012bt rakstu<\/span>\t<\/a>\t<\/div>\n\t\t\t\t<\/div>\n\t\t\t\t\t<\/div>\n\t<\/div>\n<\/article>\n<article class=\"qodef-e qodef-blog-item qodef-grid-item post-1782 post type-post status-publish format-standard has-post-thumbnail hentry category-blogs\">\n\t<div class=\"qodef-e-inner\">\n\t\t<div class=\"qodef-e-media-holder\">\n\t\t\t<div class=\"qodef-e-media\">\n\t\t<div class=\"qodef-e-media-image\">\n\t\t<a itemprop=\"url\" href=\"https:\/\/baltsunmelns.lv\/lv\/blogs\/risinajums-daudzdzivoklu-eku-atjaunosanai\/\">\n\t\t\t<img loading=\"lazy\" decoding=\"async\" width=\"1200\" height=\"750\" src=\"https:\/\/baltsunmelns.lv\/wp-content\/uploads\/2024\/09\/07.webp\" class=\"attachment- size-\" alt=\"Daugavas iela 3, Liep\u0101ja\" srcset=\"https:\/\/baltsunmelns.lv\/wp-content\/uploads\/2024\/09\/07.webp 1200w, https:\/\/baltsunmelns.lv\/wp-content\/uploads\/2024\/09\/07-300x188.webp 300w, https:\/\/baltsunmelns.lv\/wp-content\/uploads\/2024\/09\/07-1024x640.webp 1024w, https:\/\/baltsunmelns.lv\/wp-content\/uploads\/2024\/09\/07-768x480.webp 768w\" sizes=\"(max-width: 1200px) 100vw, 1200px\" title=\"\">\t\t<\/a>\n\t\t\t<\/div>\n<\/div>\n\t\t<\/div>\n\t\t<div class=\"qodef-e-content\">\n\t\t\t\t\t\t<div class=\"qodef-e-text\">\n\t\t\t\t<h3 itemprop=\"name\" class=\"qodef-e-title entry-title\">\n\t<a itemprop=\"url\" class=\"qodef-e-title-link\" href=\"https:\/\/baltsunmelns.lv\/lv\/blogs\/risinajums-daudzdzivoklu-eku-atjaunosanai\/\">\n\t\t316. un 602. s\u0113rijas tipveida projekti \u2013 n\u0101kotnes risin\u0101jums daudzdz\u012bvok\u013cu \u0113ku atjauno\u0161anai\t<\/a>\n<\/h3>\n\t\t<p itemprop=\"description\" class=\"qodef-e-excerpt\">\n\t\t\tBlogs 316. un 602. s\u0113rijas tipveida projekti \u2013 n\u0101kotnes risin\u0101jums daudzdz\u012bvok\u013cu \u0113ku atjauno\u0161anai Latvij\u0101 liela da\u013ca dz\u012bvojam\u0101 fonda ir b\u016bv\u0113ta pag\u0101ju\u0161\u0101 gadsimta v\t\t<\/p>\n\t\t\t\t<\/div>\n\t\t\t\t\t\t\t<div class=\"qodef-e-info qodef-info--bottom\">\n\t\t\t\t\t\t<div class=\"qodef-e-read-more\">\n\t\t<a class=\"qodef-shortcode qodef-m qodef-qi-button qodef-html--link qodef-layout--filled qodef-type--standard qodef-size--large qodef-icon--right qodef-hover--icon-move-horizontal-short\" href=\"https:\/\/baltsunmelns.lv\/lv\/blogs\/risinajums-daudzdzivoklu-eku-atjaunosanai\/\" target=\"_self\">\t<span class=\"qodef-m-text\">Las\u012bt rakstu<\/span>\t<\/a>\t<\/div>\n\t\t\t\t<\/div>\n\t\t\t\t\t<\/div>\n\t<\/div>\n<\/article>\n<article class=\"qodef-e qodef-blog-item qodef-grid-item post-1743 post type-post status-publish format-standard has-post-thumbnail hentry category-blogs\">\n\t<div class=\"qodef-e-inner\">\n\t\t<div class=\"qodef-e-media-holder\">\n\t\t\t<div class=\"qodef-e-media\">\n\t\t<div class=\"qodef-e-media-image\">\n\t\t<a itemprop=\"url\" href=\"https:\/\/baltsunmelns.lv\/lv\/blogs\/eku-un-buvju-tehniska-apsekosana\/\">\n\t\t\t<img loading=\"lazy\" decoding=\"async\" width=\"2000\" height=\"1250\" src=\"https:\/\/baltsunmelns.lv\/wp-content\/uploads\/2025\/05\/EkuTehniskaApsekosanaBlogs.webp\" class=\"attachment- size-\" alt=\"\u0113ku un b\u016bvju tehnisk\u0101 apseko\u0161ana\" srcset=\"https:\/\/baltsunmelns.lv\/wp-content\/uploads\/2025\/05\/EkuTehniskaApsekosanaBlogs.webp 2000w, https:\/\/baltsunmelns.lv\/wp-content\/uploads\/2025\/05\/EkuTehniskaApsekosanaBlogs-300x188.webp 300w, https:\/\/baltsunmelns.lv\/wp-content\/uploads\/2025\/05\/EkuTehniskaApsekosanaBlogs-1024x640.webp 1024w, https:\/\/baltsunmelns.lv\/wp-content\/uploads\/2025\/05\/EkuTehniskaApsekosanaBlogs-768x480.webp 768w, https:\/\/baltsunmelns.lv\/wp-content\/uploads\/2025\/05\/EkuTehniskaApsekosanaBlogs-1536x960.webp 1536w, https:\/\/baltsunmelns.lv\/wp-content\/uploads\/2025\/05\/EkuTehniskaApsekosanaBlogs-18x12.webp 18w\" sizes=\"(max-width: 2000px) 100vw, 2000px\" title=\"\">\t\t<\/a>\n\t\t\t<\/div>\n<\/div>\n\t\t<\/div>\n\t\t<div class=\"qodef-e-content\">\n\t\t\t\t\t\t<div class=\"qodef-e-text\">\n\t\t\t\t<h3 itemprop=\"name\" class=\"qodef-e-title entry-title\">\n\t<a itemprop=\"url\" class=\"qodef-e-title-link\" href=\"https:\/\/baltsunmelns.lv\/lv\/blogs\/eku-un-buvju-tehniska-apsekosana\/\">\n\t\tSl\u0113ptie konstrukciju defekti: ko atkl\u0101j \u0113ku un b\u016bvju tehnisk\u0101 apseko\u0161ana?\t<\/a>\n<\/h3>\n\t\t<p itemprop=\"description\" class=\"qodef-e-excerpt\">\n\t\t\t\u0112ku un b\u016bvju tehnisk\u0101 apseko\u0161ana ir b\u016btisks process, lai noteiktu \u0113kas vaib\u016bves tehnisko st\u0101vokli un potenci\u0101los dro\u0161\u012bbas riskus. \u012apa\u0161i svar\u012bga t\u0101 ir gad\u012bjumos, kad\t\t<\/p>\n\t\t\t\t<\/div>\n\t\t\t\t\t\t\t<div class=\"qodef-e-info qodef-info--bottom\">\n\t\t\t\t\t\t<div class=\"qodef-e-read-more\">\n\t\t<a class=\"qodef-shortcode qodef-m qodef-qi-button qodef-html--link qodef-layout--filled qodef-type--standard qodef-size--large qodef-icon--right qodef-hover--icon-move-horizontal-short\" href=\"https:\/\/baltsunmelns.lv\/lv\/blogs\/eku-un-buvju-tehniska-apsekosana\/\" target=\"_self\">\t<span class=\"qodef-m-text\">Las\u012bt rakstu<\/span>\t<\/a>\t<\/div>\n\t\t\t\t<\/div>\n\t\t\t\t\t<\/div>\n\t<\/div>\n<\/article>\n<article class=\"qodef-e qodef-blog-item qodef-grid-item post-1718 post type-post status-publish format-standard has-post-thumbnail hentry category-blogs\">\n\t<div class=\"qodef-e-inner\">\n\t\t<div class=\"qodef-e-media-holder\">\n\t\t\t<div class=\"qodef-e-media\">\n\t\t<div class=\"qodef-e-media-image\">\n\t\t<a itemprop=\"url\" href=\"https:\/\/baltsunmelns.lv\/lv\/blogs\/tava-buvniecibas-komandas-lomas-atbildiba\/\">\n\t\t\t<img loading=\"lazy\" decoding=\"async\" width=\"1400\" height=\"933\" src=\"https:\/\/baltsunmelns.lv\/wp-content\/uploads\/2025\/05\/Buvdarbu-norise-2.webp\" class=\"attachment- size-\" alt=\"Buvdarbu norise\" srcset=\"https:\/\/baltsunmelns.lv\/wp-content\/uploads\/2025\/05\/Buvdarbu-norise-2.webp 1400w, https:\/\/baltsunmelns.lv\/wp-content\/uploads\/2025\/05\/Buvdarbu-norise-2-300x200.webp 300w, https:\/\/baltsunmelns.lv\/wp-content\/uploads\/2025\/05\/Buvdarbu-norise-2-1024x682.webp 1024w, https:\/\/baltsunmelns.lv\/wp-content\/uploads\/2025\/05\/Buvdarbu-norise-2-768x512.webp 768w, https:\/\/baltsunmelns.lv\/wp-content\/uploads\/2025\/05\/Buvdarbu-norise-2-18x12.webp 18w\" sizes=\"(max-width: 1400px) 100vw, 1400px\" title=\"\">\t\t<\/a>\n\t\t\t<\/div>\n<\/div>\n\t\t<\/div>\n\t\t<div class=\"qodef-e-content\">\n\t\t\t\t\t\t<div class=\"qodef-e-text\">\n\t\t\t\t<h3 itemprop=\"name\" class=\"qodef-e-title entry-title\">\n\t<a itemprop=\"url\" class=\"qodef-e-title-link\" href=\"https:\/\/baltsunmelns.lv\/lv\/blogs\/tava-buvniecibas-komandas-lomas-atbildiba\/\">\n\t\tTava b\u016bvprojekta komanda: Arhitekta, b\u016bvin\u017eeniera un b\u016bvuz\u0146\u0113m\u0113ja lomas un sadarb\u012bba\t<\/a>\n<\/h3>\n\t\t<p itemprop=\"description\" class=\"qodef-e-excerpt\">\n\t\t\tB\u016bvniec\u012bbas proces\u0101 iesaist\u012bto dal\u012bbnieku \u2013 arhitekta, b\u016bvin\u017eeniera un b\u016bvuz\u0146\u0113m\u0113ja \u2013 specifis\u0101s lomas, atbild\u012bba un savstarp\u0113j\u0101 mijiedarb\u012bba.\t\t<\/p>\n\t\t\t\t<\/div>\n\t\t\t\t\t\t\t<div class=\"qodef-e-info qodef-info--bottom\">\n\t\t\t\t\t\t<div class=\"qodef-e-read-more\">\n\t\t<a class=\"qodef-shortcode qodef-m qodef-qi-button qodef-html--link qodef-layout--filled qodef-type--standard qodef-size--large qodef-icon--right qodef-hover--icon-move-horizontal-short\" href=\"https:\/\/baltsunmelns.lv\/lv\/blogs\/tava-buvniecibas-komandas-lomas-atbildiba\/\" target=\"_self\">\t<span class=\"qodef-m-text\">Las\u012bt rakstu<\/span>\t<\/a>\t<\/div>\n\t\t\t\t<\/div>\n\t\t\t\t\t<\/div>\n\t<\/div>\n<\/article>\n<article class=\"qodef-e qodef-blog-item qodef-grid-item post-1564 post type-post status-publish format-standard has-post-thumbnail hentry category-blogs\">\n\t<div class=\"qodef-e-inner\">\n\t\t<div class=\"qodef-e-media-holder\">\n\t\t\t<div class=\"qodef-e-media\">\n\t\t<div class=\"qodef-e-media-image\">\n\t\t<a itemprop=\"url\" href=\"https:\/\/baltsunmelns.lv\/lv\/blogs\/maju-energoefektivitates-uzlabosana\/\">\n\t\t\t<img loading=\"lazy\" decoding=\"async\" width=\"1000\" height=\"1000\" src=\"https:\/\/baltsunmelns.lv\/wp-content\/uploads\/2025\/04\/PecEkasSiltinasanas.webp\" class=\"attachment- size-\" alt=\"Energoefektivit\u0101te - Dz\u012bvojam\u0101 \u0113ka p\u0113c \u0113kas siltin\u0101\u0161anas\" srcset=\"https:\/\/baltsunmelns.lv\/wp-content\/uploads\/2025\/04\/PecEkasSiltinasanas.webp 1000w, https:\/\/baltsunmelns.lv\/wp-content\/uploads\/2025\/04\/PecEkasSiltinasanas-300x300.webp 300w, https:\/\/baltsunmelns.lv\/wp-content\/uploads\/2025\/04\/PecEkasSiltinasanas-150x150.webp 150w, https:\/\/baltsunmelns.lv\/wp-content\/uploads\/2025\/04\/PecEkasSiltinasanas-768x768.webp 768w, https:\/\/baltsunmelns.lv\/wp-content\/uploads\/2025\/04\/PecEkasSiltinasanas-12x12.webp 12w, https:\/\/baltsunmelns.lv\/wp-content\/uploads\/2025\/04\/PecEkasSiltinasanas-650x650.webp 650w\" sizes=\"(max-width: 1000px) 100vw, 1000px\" title=\"\">\t\t<\/a>\n\t\t\t<\/div>\n<\/div>\n\t\t<\/div>\n\t\t<div class=\"qodef-e-content\">\n\t\t\t\t\t\t<div class=\"qodef-e-text\">\n\t\t\t\t<h3 itemprop=\"name\" class=\"qodef-e-title entry-title\">\n\t<a itemprop=\"url\" class=\"qodef-e-title-link\" href=\"https:\/\/baltsunmelns.lv\/lv\/blogs\/maju-energoefektivitates-uzlabosana\/\">\n\t\tDaudzdz\u012bvok\u013cu m\u0101ju energoefektivit\u0101tes uzlabo\u0161ana\t<\/a>\n<\/h3>\n\t\t<p itemprop=\"description\" class=\"qodef-e-excerpt\">\n\t\t\t\u0112ku siltin\u0101\u0161ana samazina izmaksas un uzlabo komfortu. Uzzini k\u0101 ar Altum atbalstu vari tikt uzlabota daudzdz\u012bvok\u013cu m\u0101jas energoefektivit\u0101te.\t\t<\/p>\n\t\t\t\t<\/div>\n\t\t\t\t\t\t\t<div class=\"qodef-e-info qodef-info--bottom\">\n\t\t\t\t\t\t<div class=\"qodef-e-read-more\">\n\t\t<a class=\"qodef-shortcode qodef-m qodef-qi-button qodef-html--link qodef-layout--filled qodef-type--standard qodef-size--large qodef-icon--right qodef-hover--icon-move-horizontal-short\" href=\"https:\/\/baltsunmelns.lv\/lv\/blogs\/maju-energoefektivitates-uzlabosana\/\" target=\"_self\">\t<span class=\"qodef-m-text\">Las\u012bt rakstu<\/span>\t<\/a>\t<\/div>\n\t\t\t\t<\/div>\n\t\t\t\t\t<\/div>\n\t<\/div>\n<\/article>\n<article class=\"qodef-e qodef-blog-item qodef-grid-item post-1348 post type-post status-publish format-standard has-post-thumbnail hentry category-blogs\">\n\t<div class=\"qodef-e-inner\">\n\t\t<div class=\"qodef-e-media-holder\">\n\t\t\t<div class=\"qodef-e-media\">\n\t\t<div class=\"qodef-e-media-image\">\n\t\t<a itemprop=\"url\" href=\"https:\/\/baltsunmelns.lv\/lv\/blogs\/piejuras-brivdabas-muzejs-latvijas-architektura\/\">\n\t\t\t<img loading=\"lazy\" decoding=\"async\" width=\"1400\" height=\"1050\" src=\"https:\/\/baltsunmelns.lv\/wp-content\/uploads\/2025\/03\/1balts-un-melns.jpg.webp\" class=\"attachment- size-\" alt=\"Latvijas Architekt\u016bra\" srcset=\"https:\/\/baltsunmelns.lv\/wp-content\/uploads\/2025\/03\/1balts-un-melns.jpg.webp 1400w, https:\/\/baltsunmelns.lv\/wp-content\/uploads\/2025\/03\/1balts-un-melns.jpg-300x225.webp 300w, https:\/\/baltsunmelns.lv\/wp-content\/uploads\/2025\/03\/1balts-un-melns.jpg-1024x768.webp 1024w, https:\/\/baltsunmelns.lv\/wp-content\/uploads\/2025\/03\/1balts-un-melns.jpg-768x576.webp 768w, https:\/\/baltsunmelns.lv\/wp-content\/uploads\/2025\/03\/1balts-un-melns.jpg-16x12.webp 16w\" sizes=\"(max-width: 1400px) 100vw, 1400px\" title=\"\">\t\t<\/a>\n\t\t\t<\/div>\n<\/div>\n\t\t<\/div>\n\t\t<div class=\"qodef-e-content\">\n\t\t\t\t\t\t<div class=\"qodef-e-text\">\n\t\t\t\t<h3 itemprop=\"name\" class=\"qodef-e-title entry-title\">\n\t<a itemprop=\"url\" class=\"qodef-e-title-link\" href=\"https:\/\/baltsunmelns.lv\/lv\/blogs\/piejuras-brivdabas-muzejs-latvijas-architektura\/\">\n\t\tPiej\u016bras br\u012bvdabas muzeja \u0113ka\t<\/a>\n<\/h3>\n\t\t<p itemprop=\"description\" class=\"qodef-e-excerpt\">\n\t\t\tBlogs Piej\u016bras br\u012bvdabas muzeja \u0113ka \u2013 kur v\u0113sture sapl\u016bst ar m\u016bsdien\u0101m \u0160\u012b gada pavasar\u012b savas durvis va\u013c\u0101 v\u0113ra Ventspils Piej\u016bras br\u012bvdabas muzeja jaun\u0101 \u0113ka, nem\t\t<\/p>\n\t\t\t\t<\/div>\n\t\t\t\t\t\t\t<div class=\"qodef-e-info qodef-info--bottom\">\n\t\t\t\t\t\t<div class=\"qodef-e-read-more\">\n\t\t<a class=\"qodef-shortcode qodef-m qodef-qi-button qodef-html--link qodef-layout--filled qodef-type--standard qodef-size--large qodef-icon--right qodef-hover--icon-move-horizontal-short\" href=\"https:\/\/baltsunmelns.lv\/lv\/blogs\/piejuras-brivdabas-muzejs-latvijas-architektura\/\" target=\"_self\">\t<span class=\"qodef-m-text\">Las\u012bt rakstu<\/span>\t<\/a>\t<\/div>\n\t\t\t\t<\/div>\n\t\t\t\t\t<\/div>\n\t<\/div>\n<\/article>\n\t<\/div>\n\t<\/div>\n\t\t\t\t<\/div>\n\t\t\t\t<\/div>\n\t\t\t\t\t<\/div>\n\t\t\t\t<\/div>\n\t\t\t\t<\/div>\n\t\t","protected":false},"excerpt":{"rendered":"<p>Blogs Iepaz\u012bsties ar jaun\u0101kaj\u0101m tendenc\u0113m un aktualit\u0101t\u0113m projekt\u0113\u0161anas nozar\u0113! M\u016bsu blogs pied\u0101v\u0101 noder\u012bgu inform\u0101ciju, padomus un ekspertu viedok\u013cus par b\u016bvniec\u012bbas jomu Latvij\u0101. Piej\u016bras br\u012bvdabas muzeja \u0113ka Blogs Piej\u016bras br\u012bvdabas muzeja \u0113ka \u2013 kur v\u0113sture sapl\u016bst ar m\u016bsdien\u0101m \u0160\u012b gada pavasar\u012b savas durvis va\u013c\u0101 v\u0113ra Ventspils Piej\u016bras br\u012bvdabas muzeja jaun\u0101 \u0113ka, nem Las\u012bt rakstu \u0112ku tehnisk\u0101 apseko\u0161ana un t\u0101s likumdo\u0161ana Latvij\u0101 Uzzini visu par \u0113ku tehnisko apseko\u0161anu un t\u0101s pras\u012bb\u0101m Latvij\u0101! Iepaz\u012bsties ar likumdo\u0161anu, kas regul\u0113 \u0113ku dro\u0161\u012bbu un uztur\u0113\u0161anu, un sa\u0146em ekspertu padomus. Las\u012bt rakstu<\/p>\n","protected":false},"author":1,"featured_media":0,"parent":0,"menu_order":0,"comment_status":"closed","ping_status":"closed","template":"","meta":{"footnotes":""},"class_list":["post-474","page","type-page","status-publish","hentry"],"_links":{"self":[{"href":"https:\/\/baltsunmelns.lv\/lv\/wp-json\/wp\/v2\/pages\/474","targetHints":{"allow":["GET"]}}],"collection":[{"href":"https:\/\/baltsunmelns.lv\/lv\/wp-json\/wp\/v2\/pages"}],"about":[{"href":"https:\/\/baltsunmelns.lv\/lv\/wp-json\/wp\/v2\/types\/page"}],"author":[{"embeddable":true,"href":"https:\/\/baltsunmelns.lv\/lv\/wp-json\/wp\/v2\/users\/1"}],"replies":[{"embeddable":true,"href":"https:\/\/baltsunmelns.lv\/lv\/wp-json\/wp\/v2\/comments?post=474"}],"version-history":[{"count":0,"href":"https:\/\/baltsunmelns.lv\/lv\/wp-json\/wp\/v2\/pages\/474\/revisions"}],"wp:attachment":[{"href":"https:\/\/baltsunmelns.lv\/lv\/wp-json\/wp\/v2\/media?parent=474"}],"curies":[{"name":"wp","href":"https:\/\/api.w.org\/{rel}","templated":true}]}}