{"id":35,"date":"2024-09-14T12:06:41","date_gmt":"2024-09-14T12:06:41","guid":{"rendered":"https:\/\/baltsunmelns.lv\/?page_id=35"},"modified":"2024-09-16T12:44:54","modified_gmt":"2024-09-16T12:44:54","slug":"forma","status":"publish","type":"page","link":"https:\/\/baltsunmelns.lv\/lv\/forma\/","title":{"rendered":"Forma"},"content":{"rendered":"\t\t<div data-elementor-type=\"wp-page\" data-elementor-id=\"35\" class=\"elementor elementor-35\">\n\t\t\t\t<div class=\"elementor-element elementor-element-1ed29b4 e-flex e-con-boxed wpr-particle-no wpr-jarallax-no wpr-parallax-no wpr-sticky-section-no wpr-equal-height-no e-con e-parent\" data-id=\"1ed29b4\" data-element_type=\"container\" data-e-type=\"container\">\n\t\t\t\t\t<div class=\"e-con-inner\">\n\t\t\t\t<div class=\"elementor-element elementor-element-34a05bf elementor-widget__width-initial elementor-widget-mobile__width-inherit elementor-widget elementor-widget-heading\" data-id=\"34a05bf\" data-element_type=\"widget\" data-e-type=\"widget\" data-widget_type=\"heading.default\">\n\t\t\t\t<div class=\"elementor-widget-container\">\n\t\t\t\t\t<h1 class=\"elementor-heading-title elementor-size-default\">Uzzini vair\u0101k par m\u016bsu pakalpojumu pied\u0101v\u0101jumu\n<\/h1>\t\t\t\t<\/div>\n\t\t\t\t<\/div>\n\t\t\t\t<div class=\"elementor-element elementor-element-d74b884 elementor-widget__width-initial elementor-widget-mobile__width-inherit elementor-widget elementor-widget-heading\" data-id=\"d74b884\" data-element_type=\"widget\" data-e-type=\"widget\" data-widget_type=\"heading.default\">\n\t\t\t\t<div class=\"elementor-widget-container\">\n\t\t\t\t\t<span class=\"elementor-heading-title elementor-size-default\">Ir jaut\u0101jumi par to arhitekta, b\u016bvin\u017eeniera  vai projekta izstr\u0101des pakalpojumiem un to cen\u0101m? Nos\u016bti pieteikumu un s\u0101ksim sarunu!\n<\/span>\t\t\t\t<\/div>\n\t\t\t\t<\/div>\n\t\t\t\t\t<\/div>\n\t\t\t\t<\/div>\n\t\t<div class=\"elementor-element elementor-element-006f641 e-grid e-con-boxed wpr-particle-no wpr-jarallax-no wpr-parallax-no wpr-sticky-section-no wpr-equal-height-no e-con e-parent\" data-id=\"006f641\" data-element_type=\"container\" data-e-type=\"container\">\n\t\t\t\t\t<div class=\"e-con-inner\">\n\t\t<div class=\"elementor-element elementor-element-a318fd5 e-con-full e-flex wpr-particle-no wpr-jarallax-no wpr-parallax-no wpr-sticky-section-no wpr-equal-height-no e-con e-child\" data-id=\"a318fd5\" data-element_type=\"container\" data-e-type=\"container\">\n\t\t\t\t<div class=\"elementor-element elementor-element-a321d5b elementor-widget elementor-widget-wp-widget-forminator_widget\" data-id=\"a321d5b\" data-element_type=\"widget\" data-e-type=\"widget\" data-widget_type=\"wp-widget-forminator_widget.default\">\n\t\t\t\t<div class=\"elementor-widget-container\">\n\t\t\t\t\t<div class=\"forminator-ui forminator-custom-form forminator-custom-form-34 forminator-design--default  forminator_ajax\" data-forminator-render=\"0\" data-form=\"forminator-module-34\" data-uid=\"69f1aa50354ad\"><br\/><\/div><form\n\t\t\t\tid=\"forminator-module-34\"\n\t\t\t\tclass=\"forminator-ui forminator-custom-form forminator-custom-form-34 forminator-design--default  forminator_ajax\"\n\t\t\t\tmethod=\"post\"\n\t\t\t\tdata-forminator-render=\"0\"\n\t\t\t\tdata-form-id=\"34\"\n\t\t\t\t data-color-option=\"default\" data-design=\"default\" data-grid=\"open\" style=\"display: none;\"\n\t\t\t\tdata-uid=\"69f1aa50354ad\"\n\t\t\t><div role=\"alert\" aria-live=\"polite\" class=\"forminator-response-message forminator-error\" aria-hidden=\"true\"><\/div><div class=\"forminator-row\"><div id=\"name-1\" class=\"forminator-field-name forminator-col forminator-col-12 \"><div class=\"forminator-field\"><label for=\"forminator-field-name-1_69f1aa50354ad\" id=\"forminator-field-name-1_69f1aa50354ad-label\" class=\"forminator-label\">V\u0101rds, uzv\u0101rds <span class=\"forminator-required\">*<\/span><\/label><input type=\"text\" name=\"name-1\" value=\"\" placeholder=\"L\u016bdzu nor\u0101diet savu v\u0101rdu, uzv\u0101rds\" id=\"forminator-field-name-1_69f1aa50354ad\" class=\"forminator-input forminator-name--field\" aria-required=\"true\" autocomplete=\"name\" \/><\/div><\/div><\/div><div class=\"forminator-row\"><div id=\"email-1\" class=\"forminator-field-email forminator-col forminator-col-12 \"><div class=\"forminator-field\"><label for=\"forminator-field-email-1_69f1aa50354ad\" id=\"forminator-field-email-1_69f1aa50354ad-label\" class=\"forminator-label\">E-pasta adrese <span class=\"forminator-required\">*<\/span><\/label><input type=\"email\" name=\"email-1\" value=\"\" placeholder=\"L\u016bdzu nor\u0101diet savu e-pasta adresi\" id=\"forminator-field-email-1_69f1aa50354ad\" class=\"forminator-input forminator-email--field\" data-required=\"true\" aria-required=\"true\" autocomplete=\"email\" \/><\/div><\/div><\/div><div class=\"forminator-row\"><div id=\"phone-1\" class=\"forminator-field-phone forminator-col forminator-col-12 \"><div class=\"forminator-field\"><label for=\"forminator-field-phone-1_69f1aa50354ad\" id=\"forminator-field-phone-1_69f1aa50354ad-label\" class=\"forminator-label\">Telefona numurs<\/label><input type=\"text\" name=\"phone-1\" value=\"\" placeholder=\"L\u016bdzu nor\u0101di savu telefona numuru\" id=\"forminator-field-phone-1_69f1aa50354ad\" class=\"forminator-input forminator-field--phone\" data-required=\"\" aria-required=\"false\" autocomplete=\"off\" data-national_mode=\"disabled\" data-country=\"lv\" data-validation=\"international\" \/><\/div><\/div><\/div><div class=\"forminator-row\"><div id=\"address-1\" class=\"forminator-field-address forminator-col forminator-col-12 \"><div class=\"forminator-row\"><div id=\"address-1-street_address\" class=\"forminator-col\"><div class=\"forminator-field\"><label for=\"forminator-field-address-1-street_address_69f1aa50354ad\" id=\"forminator-field-address-1-street_address_69f1aa50354ad-label\" class=\"forminator-label\">Objekta atra\u0161an\u0101s vieta, adrese<\/label><input type=\"text\" name=\"address-1-street_address\" placeholder=\"Piem\u0113ram, C\u0113su novada, Vecpiebalga\" id=\"forminator-field-address-1-street_address_69f1aa50354ad\" class=\"forminator-input\" data-required=\"\" aria-required=\"false\" autocomplete=\"address-line1\" value=\"\" \/><\/div><\/div><\/div><\/div><\/div><div class=\"forminator-row\"><div id=\"select-1\" class=\"forminator-field-select forminator-col forminator-col-12 \"><div class=\"forminator-field\"><label for=\"forminator-form-34__field--select-1_69f1aa50354ad\" id=\"forminator-form-34__field--select-1_69f1aa50354ad-label\" class=\"forminator-label\">Izv\u0113lieties pakalpojuma t\u0113mu<\/label><select  id=\"forminator-form-34__field--select-1_69f1aa50354ad\" class=\"forminator-select--field forminator-select2 forminator-select2-multiple\" data-required=\"\" name=\"select-1\" data-default-value=\"\" data-hidden-behavior=\"zero\" data-placeholder=\"L\u016bdzu izv\u0113lies k\u0101du no variantiem\" data-search=\"true\" data-search-placeholder=\"L\u016bdzu izv\u0113lies k\u0101du no variantiem\" data-checkbox=\"false\" data-allow-clear=\"false\" aria-labelledby=\"forminator-form-34__field--select-1_69f1aa50354ad-label\"><option value=\"\"  >L\u016bdzu izv\u0113lies k\u0101du no variantiem<\/option><option value=\"two\"  data-calculation=\"0\">B\u016bvkonstrukcijas<\/option><option value=\"Ieteikums-no-cita-cilv\u0113ka\"  data-calculation=\"0\">B\u016bvprojektu ekspert\u012bze<\/option><option value=\"Cits\"  data-calculation=\"0\">Dz\u012bvojam\u0101s \u0113kas<\/option><option value=\"one\"  data-calculation=\"0\">\u0112ku siltin\u0101\u0161ana<\/option><option value=\"Rekl\u0101ma\"  data-calculation=\"0\">\u0112ku uzm\u0113r\u012bjums<\/option><option value=\"In\u017eeniert\u012bkli\"  data-calculation=\"0\">In\u017eeniert\u012bkli<\/option><option value=\"Pl\u0101nojumi\"  data-calculation=\"0\">Pl\u0101nojumi<\/option><option value=\"Ra\u017eo\u0161anas-\u0113kas\"  data-calculation=\"0\">Ra\u017eo\u0161anas \u0113kas<\/option><option value=\"Sabiedrisk\u0101s-\u0113kas\"  data-calculation=\"0\">Sabiedrisk\u0101s \u0113kas<\/option><option value=\"Tehnisk\u0101-apseko\u0161ana\"  data-calculation=\"0\">Tehnisk\u0101 apseko\u0161ana<\/option><option value=\"Cits\"  data-calculation=\"0\">Cits<\/option><\/select><\/div><\/div><\/div><div class=\"forminator-row\"><div id=\"select-2\" class=\"forminator-field-select forminator-col forminator-col-12 \"><div class=\"forminator-field\"><label for=\"forminator-form-34__field--select-2_69f1aa50354ad\" id=\"forminator-form-34__field--select-2_69f1aa50354ad-label\" class=\"forminator-label\">K\u0101 J\u016bs uzzin\u0101j\u0101t par mums?<\/label><select  id=\"forminator-form-34__field--select-2_69f1aa50354ad\" class=\"forminator-select--field forminator-select2 forminator-select2-multiple\" data-required=\"\" name=\"select-2\" data-default-value=\"\" data-hidden-behavior=\"zero\" data-placeholder=\"L\u016bdzu izv\u0113lies k\u0101du no variantiem\" data-search=\"false\" data-search-placeholder=\"L\u016bdzu izv\u0113lies k\u0101du no variantiem\" data-checkbox=\"false\" data-allow-clear=\"false\" aria-labelledby=\"forminator-form-34__field--select-2_69f1aa50354ad-label\"><option value=\"\"  >L\u016bdzu izv\u0113lies k\u0101du no variantiem<\/option><option value=\"one\"  data-calculation=\"0\">Mekl\u0113t\u0101jprogramma (Google, Bing...)<\/option><option value=\"Rekl\u0101ma\"  data-calculation=\"0\">Rekl\u0101ma (Google rekl\u0101mas, soci\u0101lo t\u012bklu rekl\u0101ma)<\/option><option value=\"Cits\"  data-calculation=\"0\">Cits<\/option><option value=\"Ieteikums-no-cita-cilv\u0113ka\"  data-calculation=\"0\">Ieteikums no drauga, pazi\u0146as, kol\u0113\u0123a<\/option><option value=\"two\"  data-calculation=\"0\">Soci\u0101lie t\u012bkli (Facebook, Instagram, LinkedIn...)<\/option><\/select><\/div><\/div><\/div><div class=\"forminator-row\"><div id=\"textarea-1\" class=\"forminator-field-textarea forminator-col forminator-col-12 \"><div class=\"forminator-field\"><label for=\"forminator-field-textarea-1_69f1aa50354ad\" id=\"forminator-field-textarea-1_69f1aa50354ad-label\" class=\"forminator-label\">Papildus inform\u0101cija <span class=\"forminator-required\">*<\/span><\/label><textarea name=\"textarea-1\" placeholder=\"L\u016bdzu atst\u0101j savu papildus inform\u0101ciju par projektu \u0161eit...\" id=\"forminator-field-textarea-1_69f1aa50354ad\" class=\"forminator-textarea\" rows=\"6\" style=\"--forminator-textarea-min-height:200px;\" maxlength=\"600\" ><\/textarea><span id=\"forminator-field-textarea-1_69f1aa50354ad-description\" class=\"forminator-description\"><span data-limit=\"600\" data-type=\"characters\" data-editor=\"\">0 \/ 600<\/span><\/span><\/div><\/div><\/div><input type=\"hidden\" name=\"referer_url\" value=\"\" \/><div class=\"forminator-row forminator-row-last\"><div class=\"forminator-col\"><div class=\"forminator-field\"><button class=\"forminator-button forminator-button-submit\">Nos\u016bt\u012bt pieteikumu<\/button><\/div><\/div><\/div><input type=\"hidden\" id=\"forminator_nonce\" name=\"forminator_nonce\" value=\"194a6cdf49\" \/><input type=\"hidden\" name=\"_wp_http_referer\" value=\"\/lv\/wp-json\/wp\/v2\/pages\/35\" \/><input type=\"hidden\" name=\"form_id\" value=\"34\"><input type=\"hidden\" name=\"page_id\" value=\"35\"><input type=\"hidden\" name=\"form_type\" value=\"default\"><input type=\"hidden\" name=\"current_url\" value=\"https:\/\/baltsunmelns.lv\/lv\/forma\/\"><input type=\"hidden\" name=\"render_id\" value=\"0\"><input type=\"hidden\" name=\"action\" value=\"forminator_submit_form_custom-forms\"><label for=\"input_8\" class=\"forminator-hidden\" aria-hidden=\"true\">Please do not fill in this field. <input id=\"input_8\" type=\"text\" name=\"input_8\" value=\"\" autocomplete=\"off\"><\/label><\/form>\t\t\t\t<\/div>\n\t\t\t\t<\/div>\n\t\t\t\t<div class=\"elementor-element elementor-element-23fca28 elementor-widget elementor-widget-heading\" data-id=\"23fca28\" data-element_type=\"widget\" data-e-type=\"widget\" data-widget_type=\"heading.default\">\n\t\t\t\t<div class=\"elementor-widget-container\">\n\t\t\t\t\t<p class=\"elementor-heading-title elementor-size-default\">Nos\u016btot \u0161o pieteikuma formu, J\u016bs piekr\u012btat, ka J\u016bsu dati tiks izmantoti tikai, lai sazin\u0101tos ar jums saist\u012bb\u0101 ar J\u016bsu piepras\u012bjumu. Detaliz\u0113t\u0101ku inform\u0101ciju par to, k\u0101 m\u0113s apstr\u0101d\u0101jam J\u016bsu datus, skatiet m\u016bsu priv\u0101tuma politik\u0101.\n\n<\/p>\t\t\t\t<\/div>\n\t\t\t\t<\/div>\n\t\t\t\t<\/div>\n\t\t\t\t<div class=\"elementor-element elementor-element-f978c8f e-transform e-transform elementor-hidden-mobile elementor-widget elementor-widget-image\" data-id=\"f978c8f\" data-element_type=\"widget\" data-e-type=\"widget\" data-settings=\"{&quot;_transform_rotateZ_effect&quot;:{&quot;unit&quot;:&quot;px&quot;,&quot;size&quot;:-2,&quot;sizes&quot;:[]},&quot;_transform_rotateZ_effect_hover&quot;:{&quot;unit&quot;:&quot;px&quot;,&quot;size&quot;:0,&quot;sizes&quot;:[]},&quot;_transform_rotateZ_effect_tablet&quot;:{&quot;unit&quot;:&quot;deg&quot;,&quot;size&quot;:&quot;&quot;,&quot;sizes&quot;:[]},&quot;_transform_rotateZ_effect_mobile&quot;:{&quot;unit&quot;:&quot;deg&quot;,&quot;size&quot;:&quot;&quot;,&quot;sizes&quot;:[]},&quot;_transform_rotateZ_effect_hover_tablet&quot;:{&quot;unit&quot;:&quot;deg&quot;,&quot;size&quot;:&quot;&quot;,&quot;sizes&quot;:[]},&quot;_transform_rotateZ_effect_hover_mobile&quot;:{&quot;unit&quot;:&quot;deg&quot;,&quot;size&quot;:&quot;&quot;,&quot;sizes&quot;:[]}}\" data-widget_type=\"image.default\">\n\t\t\t\t<div class=\"elementor-widget-container\">\n\t\t\t\t\t\t\t\t\t\t\t\t\t\t\t<img fetchpriority=\"high\" decoding=\"async\" width=\"500\" height=\"750\" src=\"https:\/\/baltsunmelns.lv\/wp-content\/uploads\/2024\/09\/buveskpertize1.webp\" class=\"attachment-large size-large wp-image-261\" alt=\"bu\u0304vju eksperti\u0304ze\" srcset=\"https:\/\/baltsunmelns.lv\/wp-content\/uploads\/2024\/09\/buveskpertize1.webp 500w, https:\/\/baltsunmelns.lv\/wp-content\/uploads\/2024\/09\/buveskpertize1-200x300.webp 200w\" sizes=\"(max-width: 500px) 100vw, 500px\" title=\"\">\t\t\t\t\t\t\t\t\t\t\t\t\t\t\t<\/div>\n\t\t\t\t<\/div>\n\t\t\t\t\t<\/div>\n\t\t\t\t<\/div>\n\t\t\t\t<\/div>\n\t\t","protected":false},"excerpt":{"rendered":"<p>Uzzini vair\u0101k par m\u016bsu pakalpojumu pied\u0101v\u0101jumu Ir jaut\u0101jumi par to arhitekta, b\u016bvin\u017eeniera vai projekta izstr\u0101des pakalpojumiem un to cen\u0101m? Nos\u016bti pieteikumu un s\u0101ksim sarunu! Nos\u016btot \u0161o pieteikuma formu, J\u016bs piekr\u012btat, ka J\u016bsu dati tiks izmantoti tikai, lai sazin\u0101tos ar jums saist\u012bb\u0101 ar J\u016bsu piepras\u012bjumu. Detaliz\u0113t\u0101ku inform\u0101ciju par to, k\u0101 m\u0113s apstr\u0101d\u0101jam J\u016bsu datus, skatiet m\u016bsu priv\u0101tuma politik\u0101.<\/p>\n","protected":false},"author":1,"featured_media":0,"parent":0,"menu_order":0,"comment_status":"closed","ping_status":"closed","template":"","meta":{"footnotes":""},"class_list":["post-35","page","type-page","status-publish","hentry"],"_links":{"self":[{"href":"https:\/\/baltsunmelns.lv\/lv\/wp-json\/wp\/v2\/pages\/35","targetHints":{"allow":["GET"]}}],"collection":[{"href":"https:\/\/baltsunmelns.lv\/lv\/wp-json\/wp\/v2\/pages"}],"about":[{"href":"https:\/\/baltsunmelns.lv\/lv\/wp-json\/wp\/v2\/types\/page"}],"author":[{"embeddable":true,"href":"https:\/\/baltsunmelns.lv\/lv\/wp-json\/wp\/v2\/users\/1"}],"replies":[{"embeddable":true,"href":"https:\/\/baltsunmelns.lv\/lv\/wp-json\/wp\/v2\/comments?post=35"}],"version-history":[{"count":0,"href":"https:\/\/baltsunmelns.lv\/lv\/wp-json\/wp\/v2\/pages\/35\/revisions"}],"wp:attachment":[{"href":"https:\/\/baltsunmelns.lv\/lv\/wp-json\/wp\/v2\/media?parent=35"}],"curies":[{"name":"wp","href":"https:\/\/api.w.org\/{rel}","templated":true}]}}