{"id":19,"date":"2024-09-14T07:39:03","date_gmt":"2024-09-14T07:39:03","guid":{"rendered":"https:\/\/baltsunmelns.lv\/?page_id=19"},"modified":"2025-10-26T18:08:19","modified_gmt":"2025-10-26T18:08:19","slug":"kontakti","status":"publish","type":"page","link":"https:\/\/baltsunmelns.lv\/lv\/kontakti\/","title":{"rendered":"Kontakti"},"content":{"rendered":"\t\t<div data-elementor-type=\"wp-page\" data-elementor-id=\"19\" class=\"elementor elementor-19\">\n\t\t\t\t<div class=\"elementor-element elementor-element-f589c42 e-flex e-con-boxed wpr-particle-no wpr-jarallax-no wpr-parallax-no wpr-sticky-section-no e-con e-parent\" data-id=\"f589c42\" data-element_type=\"container\" data-e-type=\"container\">\n\t\t\t\t\t<div class=\"e-con-inner\">\n\t\t\t\t<div class=\"elementor-element elementor-element-44b556a elementor-widget elementor-widget-heading\" data-id=\"44b556a\" data-element_type=\"widget\" data-e-type=\"widget\" data-widget_type=\"heading.default\">\n\t\t\t\t<div class=\"elementor-widget-container\">\n\t\t\t\t\t<h1 class=\"elementor-heading-title elementor-size-default\">Kontakti<\/h1>\t\t\t\t<\/div>\n\t\t\t\t<\/div>\n\t\t\t\t<div class=\"elementor-element elementor-element-92afb3b elementor-widget__width-initial elementor-widget elementor-widget-heading\" data-id=\"92afb3b\" data-element_type=\"widget\" data-e-type=\"widget\" data-widget_type=\"heading.default\">\n\t\t\t\t<div class=\"elementor-widget-container\">\n\t\t\t\t\t<span class=\"elementor-heading-title elementor-size-default\">M\u016bsu pieredz\u0113ju\u0161o arhitektu, b\u016bvin\u017eenieru un projekt\u0113t\u0101ju pal\u012bdz\u0113s \u012bstenot b\u016bvniec\u012bbas ieceri vai projektu. Sazinieties ar mums jau \u0161odien!\n<\/span>\t\t\t\t<\/div>\n\t\t\t\t<\/div>\n\t\t\t\t\t<\/div>\n\t\t\t\t<\/div>\n\t\t<div class=\"elementor-element elementor-element-478954f e-grid e-con-boxed wpr-particle-no wpr-jarallax-no wpr-parallax-no wpr-sticky-section-no e-con e-parent\" data-id=\"478954f\" data-element_type=\"container\" data-e-type=\"container\">\n\t\t\t\t\t<div class=\"e-con-inner\">\n\t\t<div class=\"elementor-element elementor-element-133c1df e-con-full e-flex wpr-particle-no wpr-jarallax-no wpr-parallax-no wpr-sticky-section-no e-con e-child\" data-id=\"133c1df\" data-element_type=\"container\" data-e-type=\"container\">\n\t\t\t\t<div class=\"elementor-element elementor-element-2d2a830 elementor-widget elementor-widget-wp-widget-forminator_widget\" data-id=\"2d2a830\" data-element_type=\"widget\" data-e-type=\"widget\" data-widget_type=\"wp-widget-forminator_widget.default\">\n\t\t\t\t<div class=\"elementor-widget-container\">\n\t\t\t\t\t<div class=\"forminator-ui forminator-custom-form forminator-custom-form-25 forminator-design--default  forminator_ajax\" data-forminator-render=\"0\" data-form=\"forminator-module-25\" data-uid=\"69d6b3a59ef19\"><br\/><\/div><form\n\t\t\t\tid=\"forminator-module-25\"\n\t\t\t\tclass=\"forminator-ui forminator-custom-form forminator-custom-form-25 forminator-design--default  forminator_ajax\"\n\t\t\t\tmethod=\"post\"\n\t\t\t\tdata-forminator-render=\"0\"\n\t\t\t\tdata-form-id=\"25\"\n\t\t\t\t data-color-option=\"default\" data-design=\"default\" data-grid=\"open\" style=\"display: none;\"\n\t\t\t\tdata-uid=\"69d6b3a59ef19\"\n\t\t\t><div role=\"alert\" aria-live=\"polite\" class=\"forminator-response-message forminator-error\" aria-hidden=\"true\"><\/div><div class=\"forminator-row\"><div id=\"name-1\" class=\"forminator-field-name forminator-col forminator-col-12 \"><div class=\"forminator-field\"><label for=\"forminator-field-name-1_69d6b3a59ef19\" id=\"forminator-field-name-1_69d6b3a59ef19-label\" class=\"forminator-label\">V\u0101rds, uzv\u0101rds <span class=\"forminator-required\">*<\/span><\/label><input type=\"text\" name=\"name-1\" value=\"\" placeholder=\"L\u016bdzu nor\u0101diet savu v\u0101rdu, uzv\u0101rds\" id=\"forminator-field-name-1_69d6b3a59ef19\" class=\"forminator-input forminator-name--field\" aria-required=\"true\" autocomplete=\"name\" \/><\/div><\/div><\/div><div class=\"forminator-row\"><div id=\"email-1\" class=\"forminator-field-email forminator-col forminator-col-12 \"><div class=\"forminator-field\"><label for=\"forminator-field-email-1_69d6b3a59ef19\" id=\"forminator-field-email-1_69d6b3a59ef19-label\" class=\"forminator-label\">E-pasta adrese <span class=\"forminator-required\">*<\/span><\/label><input type=\"email\" name=\"email-1\" value=\"\" placeholder=\"L\u016bdzu nor\u0101diet savu e-pasta adresi\" id=\"forminator-field-email-1_69d6b3a59ef19\" class=\"forminator-input forminator-email--field\" data-required=\"true\" aria-required=\"true\" autocomplete=\"email\" \/><\/div><\/div><\/div><div class=\"forminator-row\"><div id=\"phone-1\" class=\"forminator-field-phone forminator-col forminator-col-12 \"><div class=\"forminator-field\"><label for=\"forminator-field-phone-1_69d6b3a59ef19\" id=\"forminator-field-phone-1_69d6b3a59ef19-label\" class=\"forminator-label\">Telefona numurs<\/label><input type=\"text\" name=\"phone-1\" value=\"\" placeholder=\"L\u016bdzu nor\u0101di savu telefona numuru\" id=\"forminator-field-phone-1_69d6b3a59ef19\" class=\"forminator-input forminator-field--phone\" data-required=\"\" aria-required=\"false\" autocomplete=\"off\" data-national_mode=\"disabled\" data-country=\"lv\" data-validation=\"international\" \/><\/div><\/div><\/div><div class=\"forminator-row\"><div id=\"select-1\" class=\"forminator-field-select forminator-col forminator-col-12 \"><div class=\"forminator-field\"><label for=\"forminator-form-25__field--select-1_69d6b3a59ef19\" id=\"forminator-form-25__field--select-1_69d6b3a59ef19-label\" class=\"forminator-label\">K\u0101 J\u016bs uzzin\u0101j\u0101t par mums?<\/label><select  id=\"forminator-form-25__field--select-1_69d6b3a59ef19\" class=\"forminator-select--field forminator-select2 forminator-select2-multiple\" data-required=\"\" name=\"select-1\" data-default-value=\"\" data-hidden-behavior=\"zero\" data-placeholder=\"L\u016bdzu izv\u0113lies k\u0101du no variantiem\" data-search=\"false\" data-search-placeholder=\"L\u016bdzu izv\u0113lies k\u0101du no variantiem\" data-checkbox=\"false\" data-allow-clear=\"false\" aria-labelledby=\"forminator-form-25__field--select-1_69d6b3a59ef19-label\"><option value=\"\"  >L\u016bdzu izv\u0113lies k\u0101du no variantiem<\/option><option value=\"one\"  data-calculation=\"0\">Mekl\u0113t\u0101jprogramma (Google, Bing...)<\/option><option value=\"Ieteikums-no-cita-cilv\u0113ka\"  data-calculation=\"0\">Ieteikums no drauga, pazi\u0146as, kol\u0113\u0123a<\/option><option value=\"Cits\"  data-calculation=\"0\">Cits<\/option><option value=\"Rekl\u0101ma\"  data-calculation=\"0\">Rekl\u0101ma (Google rekl\u0101mas, soci\u0101lo t\u012bklu rekl\u0101ma)<\/option><option value=\"two\"  data-calculation=\"0\">Soci\u0101lie t\u012bkli (Facebook, Instagram, LinkedIn...)<\/option><\/select><\/div><\/div><\/div><div class=\"forminator-row\"><div id=\"textarea-1\" class=\"forminator-field-textarea forminator-col forminator-col-12 \"><div class=\"forminator-field\"><label for=\"forminator-field-textarea-1_69d6b3a59ef19\" id=\"forminator-field-textarea-1_69d6b3a59ef19-label\" class=\"forminator-label\">Zi\u0146a <span class=\"forminator-required\">*<\/span><\/label><textarea name=\"textarea-1\" placeholder=\"L\u016bdzu atst\u0101j savu zi\u0146u \u0161eit...\" id=\"forminator-field-textarea-1_69d6b3a59ef19\" class=\"forminator-textarea\" rows=\"6\" style=\"min-height:200px;\" maxlength=\"600\" ><\/textarea><span id=\"forminator-field-textarea-1_69d6b3a59ef19-description\" class=\"forminator-description\"><span data-limit=\"600\" data-type=\"characters\" data-editor=\"\">0 \/ 600<\/span><\/span><\/div><\/div><\/div><div class=\"forminator-row\"><div id=\"captcha-1\" class=\"forminator-field-captcha forminator-col forminator-col-12 \"><div class=\"forminator-captcha-left forminator-turnstile\" data-theme=\"auto\" data-language=\"lv\" data-sitekey=\"0x4AAAAAABbDelDUlBEHX-ql\" data-size=\"normal\"><\/div> <\/div><\/div><input type=\"hidden\" name=\"referer_url\" value=\"\" \/><div class=\"forminator-row forminator-row-last\"><div class=\"forminator-col\"><div class=\"forminator-field\"><button class=\"forminator-button forminator-button-submit\">Nos\u016bt\u012bt zi\u0146u<\/button><\/div><\/div><\/div><input type=\"hidden\" id=\"forminator_nonce\" name=\"forminator_nonce\" value=\"7aae98f704\" \/><input type=\"hidden\" name=\"_wp_http_referer\" value=\"\/lv\/wp-json\/wp\/v2\/pages\/19\" \/><input type=\"hidden\" name=\"form_id\" value=\"25\"><input type=\"hidden\" name=\"page_id\" value=\"19\"><input type=\"hidden\" name=\"form_type\" value=\"default\"><input type=\"hidden\" name=\"current_url\" value=\"https:\/\/baltsunmelns.lv\/lv\/kontakti\/\"><input type=\"hidden\" name=\"render_id\" value=\"0\"><input type=\"hidden\" name=\"action\" value=\"forminator_submit_form_custom-forms\"><label for=\"input_6\" class=\"forminator-hidden\" aria-hidden=\"true\">Please do not fill in this field. <input id=\"input_6\" type=\"text\" name=\"input_6\" value=\"\" autocomplete=\"off\"><\/label><\/form>\t\t\t\t<\/div>\n\t\t\t\t<\/div>\n\t\t\t\t<div class=\"elementor-element elementor-element-3f56ca6 elementor-widget elementor-widget-heading\" data-id=\"3f56ca6\" data-element_type=\"widget\" data-e-type=\"widget\" data-widget_type=\"heading.default\">\n\t\t\t\t<div class=\"elementor-widget-container\">\n\t\t\t\t\t<p class=\"elementor-heading-title elementor-size-default\">Nos\u016btot \u0161o formu, J\u016bs piekr\u012btat, ka J\u016bsu dati tiks izmantoti tikai, lai sazin\u0101tos ar jums saist\u012bb\u0101 ar J\u016bsu piepras\u012bjumu. Detaliz\u0113t\u0101ku inform\u0101ciju par to, k\u0101 m\u0113s apstr\u0101d\u0101jam j\u016bsu datus, skatiet m\u016bsu priv\u0101tuma politik\u0101.<\/p>\t\t\t\t<\/div>\n\t\t\t\t<\/div>\n\t\t\t\t<\/div>\n\t\t<div class=\"elementor-element elementor-element-67592ab e-con-full e-flex wpr-particle-no wpr-jarallax-no wpr-parallax-no wpr-sticky-section-no e-con e-child\" data-id=\"67592ab\" data-element_type=\"container\" data-e-type=\"container\">\n\t\t\t\t<div class=\"elementor-element elementor-element-9772c49 elementor-widget elementor-widget-heading\" data-id=\"9772c49\" data-element_type=\"widget\" data-e-type=\"widget\" data-widget_type=\"heading.default\">\n\t\t\t\t<div class=\"elementor-widget-container\">\n\t\t\t\t\t<h3 class=\"elementor-heading-title elementor-size-default\">Kur m\u016bs atrast<\/h3>\t\t\t\t<\/div>\n\t\t\t\t<\/div>\n\t\t\t\t<div class=\"elementor-element elementor-element-c0d7ea7 elementor-widget elementor-widget-text-editor\" data-id=\"c0d7ea7\" data-element_type=\"widget\" data-e-type=\"widget\" data-widget_type=\"text-editor.default\">\n\t\t\t\t<div class=\"elementor-widget-container\">\n\t\t\t\t\t\t\t\t\t<h6>R\u012bgas birojs<\/h6><p>Gaujas iela 5, R\u012bga, LV-1026<\/p><p><a href=\"https:\/\/maps.app.goo.gl\/2jhHwPSeAAqpeXJN6\" target=\"_blank\" rel=\"noopener\">Doties ar Google Maps<\/a><\/p>\t\t\t\t\t\t\t\t<\/div>\n\t\t\t\t<\/div>\n\t\t\t\t<div class=\"elementor-element elementor-element-5f10cbe elementor-widget elementor-widget-text-editor\" data-id=\"5f10cbe\" data-element_type=\"widget\" data-e-type=\"widget\" data-widget_type=\"text-editor.default\">\n\t\t\t\t<div class=\"elementor-widget-container\">\n\t\t\t\t\t\t\t\t\t<h6>Grobi\u0146as birojs<\/h6><p>Liel\u0101 iela 32, Grobi\u0146a, LV-3430<\/p><p><a href=\"https:\/\/maps.app.goo.gl\/Yd7TZHmohG5ePanWA\" target=\"_blank\" rel=\"noopener\">Doties ar Google Maps<\/a><\/p>\t\t\t\t\t\t\t\t<\/div>\n\t\t\t\t<\/div>\n\t\t\t\t<div class=\"elementor-element elementor-element-e218601 elementor-widget elementor-widget-text-editor\" data-id=\"e218601\" data-element_type=\"widget\" data-e-type=\"widget\" data-widget_type=\"text-editor.default\">\n\t\t\t\t<div class=\"elementor-widget-container\">\n\t\t\t\t\t\t\t\t\t<h6>Sazinies ar mums<\/h6><p>gatis@baltsunmelns.lv<\/p><p><a href=\"tel:+37126118682\">+371 26118682<\/a><\/p>\t\t\t\t\t\t\t\t<\/div>\n\t\t\t\t<\/div>\n\t\t\t\t<div class=\"elementor-element elementor-element-f0fceec elementor-widget elementor-widget-text-editor\" data-id=\"f0fceec\" data-element_type=\"widget\" data-e-type=\"widget\" data-widget_type=\"text-editor.default\">\n\t\t\t\t<div class=\"elementor-widget-container\">\n\t\t\t\t\t\t\t\t\t<h6>E-adrese<\/h6>\nPRIVATE@40003659614\t\t\t\t\t\t\t\t<\/div>\n\t\t\t\t<\/div>\n\t\t\t\t<div class=\"elementor-element elementor-element-ec3841e elementor-widget elementor-widget-text-editor\" data-id=\"ec3841e\" data-element_type=\"widget\" data-e-type=\"widget\" data-widget_type=\"text-editor.default\">\n\t\t\t\t<div class=\"elementor-widget-container\">\n\t\t\t\t\t\t\t\t\t<h6>Rekviz\u012bti<\/h6><p><strong>SIA \u201cBALTS UN MELNS\u201d,<\/strong><\/p><p>Gaujas iela 5, R\u012bga, LV-1026<\/p><p>A\/S Swedbank, kods: HABALV22;<\/p><p>Re\u0123. nr.: 40003659614<\/p><p>LV04HABA0551006238985<\/p>\t\t\t\t\t\t\t\t<\/div>\n\t\t\t\t<\/div>\n\t\t\t\t<\/div>\n\t\t\t\t\t<\/div>\n\t\t\t\t<\/div>\n\t\t\t\t<\/div>\n\t\t","protected":false},"excerpt":{"rendered":"<p>Kontakti M\u016bsu pieredz\u0113ju\u0161o arhitektu, b\u016bvin\u017eenieru un projekt\u0113t\u0101ju pal\u012bdz\u0113s \u012bstenot b\u016bvniec\u012bbas ieceri vai projektu. Sazinieties ar mums jau \u0161odien! Nos\u016btot \u0161o formu, J\u016bs piekr\u012btat, ka J\u016bsu dati tiks izmantoti tikai, lai sazin\u0101tos ar jums saist\u012bb\u0101 ar J\u016bsu piepras\u012bjumu. Detaliz\u0113t\u0101ku inform\u0101ciju par to, k\u0101 m\u0113s apstr\u0101d\u0101jam j\u016bsu datus, skatiet m\u016bsu priv\u0101tuma politik\u0101. Kur m\u016bs atrast R\u012bgas birojs Gaujas iela 5, R\u012bga, LV-1026 Doties ar Google Maps Grobi\u0146as birojs Liel\u0101 iela 32, Grobi\u0146a, LV-3430 Doties ar Google Maps Sazinies ar mums gatis@baltsunmelns.lv +371 26118682 E-adrese PRIVATE@40003659614 Rekviz\u012bti SIA \u201cBALTS UN MELNS\u201d, Gaujas iela 5, R\u012bga, LV-1026 A\/S Swedbank, kods: HABALV22; Re\u0123. nr.: 40003659614 LV04HABA0551006238985<\/p>\n","protected":false},"author":1,"featured_media":0,"parent":0,"menu_order":0,"comment_status":"closed","ping_status":"closed","template":"","meta":{"footnotes":""},"class_list":["post-19","page","type-page","status-publish","hentry"],"_links":{"self":[{"href":"https:\/\/baltsunmelns.lv\/lv\/wp-json\/wp\/v2\/pages\/19","targetHints":{"allow":["GET"]}}],"collection":[{"href":"https:\/\/baltsunmelns.lv\/lv\/wp-json\/wp\/v2\/pages"}],"about":[{"href":"https:\/\/baltsunmelns.lv\/lv\/wp-json\/wp\/v2\/types\/page"}],"author":[{"embeddable":true,"href":"https:\/\/baltsunmelns.lv\/lv\/wp-json\/wp\/v2\/users\/1"}],"replies":[{"embeddable":true,"href":"https:\/\/baltsunmelns.lv\/lv\/wp-json\/wp\/v2\/comments?post=19"}],"version-history":[{"count":3,"href":"https:\/\/baltsunmelns.lv\/lv\/wp-json\/wp\/v2\/pages\/19\/revisions"}],"predecessor-version":[{"id":1839,"href":"https:\/\/baltsunmelns.lv\/lv\/wp-json\/wp\/v2\/pages\/19\/revisions\/1839"}],"wp:attachment":[{"href":"https:\/\/baltsunmelns.lv\/lv\/wp-json\/wp\/v2\/media?parent=19"}],"curies":[{"name":"wp","href":"https:\/\/api.w.org\/{rel}","templated":true}]}}