{"id":185,"date":"2024-09-14T17:34:07","date_gmt":"2024-09-14T17:34:07","guid":{"rendered":"https:\/\/baltsunmelns.lv\/?page_id=185"},"modified":"2025-04-06T15:17:18","modified_gmt":"2025-04-06T15:17:18","slug":"pakalpojumi","status":"publish","type":"page","link":"https:\/\/baltsunmelns.lv\/lv\/pakalpojumi\/","title":{"rendered":"Pakalpojumi"},"content":{"rendered":"\t\t<div data-elementor-type=\"wp-page\" data-elementor-id=\"185\" class=\"elementor elementor-185\">\n\t\t\t\t<div class=\"elementor-element elementor-element-7784062 e-flex e-con-boxed wpr-particle-no wpr-jarallax-no wpr-parallax-no wpr-sticky-section-no e-con e-parent\" data-id=\"7784062\" data-element_type=\"container\" data-e-type=\"container\" data-settings=\"{&quot;background_background&quot;:&quot;classic&quot;}\">\n\t\t\t\t\t<div class=\"e-con-inner\">\n\t\t\t\t<div class=\"elementor-element elementor-element-6e5d4c7c elementor-widget elementor-widget-heading\" data-id=\"6e5d4c7c\" data-element_type=\"widget\" data-e-type=\"widget\" data-widget_type=\"heading.default\">\n\t\t\t\t<div class=\"elementor-widget-container\">\n\t\t\t\t\t<h1 class=\"elementor-heading-title elementor-size-default\">Projekt\u0113\u0161anas biroja BALTS UN MELNS pakalpojumi<\/h1>\t\t\t\t<\/div>\n\t\t\t\t<\/div>\n\t\t\t\t<div class=\"elementor-element elementor-element-6526fd5f elementor-widget__width-initial elementor-widget-mobile__width-inherit elementor-widget elementor-widget-text-editor\" data-id=\"6526fd5f\" data-element_type=\"widget\" data-e-type=\"widget\" data-widget_type=\"text-editor.default\">\n\t\t\t\t<div class=\"elementor-widget-container\">\n\t\t\t\t\t\t\t\t\t<p>SIA &#8220;BALTS UN MELNS&#8221; ir pieredz\u0113jis arhitekt\u016bras un b\u016bvniec\u012bbas projekt\u0113\u0161anas birojs, kas darbojas nozar\u0113 kop\u0161 2004. gada. M\u0113s pal\u012bdzam klientiem realiz\u0113t vi\u0146u idejas \u2013 no maziem p\u0101rb\u016bves projektiem l\u012bdz liel\u0101m, sare\u017e\u0123\u012bt\u0101m b\u016bv\u0113m.<\/p><p><a href=\"https:\/\/baltsunmelns.lv\/komanda\/\">M\u016bsu komanda<\/a> sast\u0101v no augstas kvalifik\u0101cijas speci\u0101listiem, kas nodro\u0161ina pilnu spektru projekt\u0113\u0161anas pakalpojumu, s\u0101kot no arhitekt\u016bras risin\u0101jumiem un b\u016bvkonstrukcij\u0101m l\u012bdz pat in\u017eeniert\u012bklu projekt\u0113\u0161anai. M\u0113s r\u016bp\u0113jamies par to, lai projekts tiktu \u012bstenots laik\u0101 un atbilsto\u0161i vis\u0101m normat\u012bvaj\u0101m pras\u012bb\u0101m.<\/p>\t\t\t\t\t\t\t\t<\/div>\n\t\t\t\t<\/div>\n\t\t\t\t<div class=\"elementor-element elementor-element-0fd8787 elementor-widget elementor-widget-button\" data-id=\"0fd8787\" data-element_type=\"widget\" data-e-type=\"widget\" data-widget_type=\"button.default\">\n\t\t\t\t<div class=\"elementor-widget-container\">\n\t\t\t\t\t\t\t\t\t<div class=\"elementor-button-wrapper\">\n\t\t\t\t\t<a class=\"elementor-button elementor-button-link elementor-size-sm\" href=\"https:\/\/baltsunmelns.lv\/forma\/\">\n\t\t\t\t\t\t<span class=\"elementor-button-content-wrapper\">\n\t\t\t\t\t\t\t\t\t<span class=\"elementor-button-text\">Sa\u0146emt pied\u0101v\u0101jumu<\/span>\n\t\t\t\t\t<\/span>\n\t\t\t\t\t<\/a>\n\t\t\t\t<\/div>\n\t\t\t\t\t\t\t\t<\/div>\n\t\t\t\t<\/div>\n\t\t\t\t\t<\/div>\n\t\t\t\t<\/div>\n\t\t<div class=\"elementor-element elementor-element-55fdd1ff e-flex e-con-boxed wpr-particle-no wpr-jarallax-no wpr-parallax-no wpr-sticky-section-no e-con e-parent\" data-id=\"55fdd1ff\" data-element_type=\"container\" data-e-type=\"container\" data-settings=\"{&quot;background_background&quot;:&quot;classic&quot;}\">\n\t\t\t\t\t<div class=\"e-con-inner\">\n\t\t\t\t<div class=\"elementor-element elementor-element-6598fdbd elementor-widget elementor-widget-heading\" data-id=\"6598fdbd\" data-element_type=\"widget\" data-e-type=\"widget\" data-widget_type=\"heading.default\">\n\t\t\t\t<div class=\"elementor-widget-container\">\n\t\t\t\t\t<h2 class=\"elementor-heading-title elementor-size-default\">M\u016bsu pakalpojumi<\/h2>\t\t\t\t<\/div>\n\t\t\t\t<\/div>\n\t\t<div class=\"elementor-element elementor-element-df23c10 e-grid e-con-full wpr-particle-no wpr-jarallax-no wpr-parallax-no wpr-sticky-section-no e-con e-child\" data-id=\"df23c10\" data-element_type=\"container\" data-e-type=\"container\">\n\t\t<div class=\"elementor-element elementor-element-2e0132ad e-con-full e-flex wpr-particle-no wpr-jarallax-no wpr-parallax-no wpr-sticky-section-no e-con e-child\" data-id=\"2e0132ad\" data-element_type=\"container\" data-e-type=\"container\">\n\t\t\t\t<div class=\"elementor-element elementor-element-752b73b0 elementor-widget elementor-widget-image\" data-id=\"752b73b0\" data-element_type=\"widget\" data-e-type=\"widget\" data-widget_type=\"image.default\">\n\t\t\t\t<div class=\"elementor-widget-container\">\n\t\t\t\t\t\t\t\t\t\t\t\t\t\t\t\t<a href=\"https:\/\/baltsunmelns.lv\/pakalpojumi\/arhitekti\/\">\n\t\t\t\t\t\t\t<img decoding=\"async\" width=\"40\" height=\"40\" src=\"https:\/\/baltsunmelns.lv\/wp-content\/uploads\/2024\/12\/MUB-arhitektura.svg\" class=\"attachment-large size-large wp-image-905\" alt=\"Arhitekt\u016bra\" title=\"\">\t\t\t\t\t\t\t\t<\/a>\n\t\t\t\t\t\t\t\t\t\t\t\t\t\t\t<\/div>\n\t\t\t\t<\/div>\n\t\t\t\t<div class=\"elementor-element elementor-element-419d91bd elementor-widget elementor-widget-heading\" data-id=\"419d91bd\" data-element_type=\"widget\" data-e-type=\"widget\" data-widget_type=\"heading.default\">\n\t\t\t\t<div class=\"elementor-widget-container\">\n\t\t\t\t\t<h5 class=\"elementor-heading-title elementor-size-default\"><a href=\"https:\/\/baltsunmelns.lv\/pakalpojumi\/arhitekti\/\">Arhitekt\u016bra<\/a><\/h5>\t\t\t\t<\/div>\n\t\t\t\t<\/div>\n\t\t\t\t<\/div>\n\t\t<div class=\"elementor-element elementor-element-42d0ac1f e-con-full e-flex wpr-particle-no wpr-jarallax-no wpr-parallax-no wpr-sticky-section-no e-con e-child\" data-id=\"42d0ac1f\" data-element_type=\"container\" data-e-type=\"container\">\n\t\t\t\t<div class=\"elementor-element elementor-element-3c04e59e elementor-widget elementor-widget-image\" data-id=\"3c04e59e\" data-element_type=\"widget\" data-e-type=\"widget\" data-widget_type=\"image.default\">\n\t\t\t\t<div class=\"elementor-widget-container\">\n\t\t\t\t\t\t\t\t\t\t\t\t\t\t\t\t<a href=\"https:\/\/baltsunmelns.lv\/pakalpojumi\/buvkonstrukcijas\/\">\n\t\t\t\t\t\t\t<img decoding=\"async\" width=\"24\" height=\"24\" src=\"https:\/\/baltsunmelns.lv\/wp-content\/uploads\/2024\/12\/MUN-ekas-konstrukcijas.svg\" class=\"attachment-large size-large wp-image-903\" alt=\"B\u016bvkonstrukcijas\" title=\"\">\t\t\t\t\t\t\t\t<\/a>\n\t\t\t\t\t\t\t\t\t\t\t\t\t\t\t<\/div>\n\t\t\t\t<\/div>\n\t\t\t\t<div class=\"elementor-element elementor-element-7777521f elementor-widget elementor-widget-heading\" data-id=\"7777521f\" data-element_type=\"widget\" data-e-type=\"widget\" data-widget_type=\"heading.default\">\n\t\t\t\t<div class=\"elementor-widget-container\">\n\t\t\t\t\t<h5 class=\"elementor-heading-title elementor-size-default\"><a href=\"https:\/\/baltsunmelns.lv\/pakalpojumi\/buvkonstrukcijas\/\">B\u016bvkonstrukcijas<\/a><\/h5>\t\t\t\t<\/div>\n\t\t\t\t<\/div>\n\t\t\t\t<\/div>\n\t\t<div class=\"elementor-element elementor-element-32d4710e e-con-full e-flex wpr-particle-no wpr-jarallax-no wpr-parallax-no wpr-sticky-section-no e-con e-child\" data-id=\"32d4710e\" data-element_type=\"container\" data-e-type=\"container\">\n\t\t\t\t<div class=\"elementor-element elementor-element-bb103d3 elementor-widget elementor-widget-image\" data-id=\"bb103d3\" data-element_type=\"widget\" data-e-type=\"widget\" data-widget_type=\"image.default\">\n\t\t\t\t<div class=\"elementor-widget-container\">\n\t\t\t\t\t\t\t\t\t\t\t\t\t\t\t\t<a href=\"https:\/\/baltsunmelns.lv\/pakalpojumi\/buvprojektu-un-buvju-ekspertize\/\">\n\t\t\t\t\t\t\t<img decoding=\"async\" width=\"24\" height=\"24\" src=\"https:\/\/baltsunmelns.lv\/wp-content\/uploads\/2024\/12\/MUN-buvprojektu-ekspertize.svg\" class=\"attachment-large size-large wp-image-901\" alt=\"\" title=\"\">\t\t\t\t\t\t\t\t<\/a>\n\t\t\t\t\t\t\t\t\t\t\t\t\t\t\t<\/div>\n\t\t\t\t<\/div>\n\t\t\t\t<div class=\"elementor-element elementor-element-27858a4 elementor-widget-mobile__width-initial elementor-widget elementor-widget-heading\" data-id=\"27858a4\" data-element_type=\"widget\" data-e-type=\"widget\" data-widget_type=\"heading.default\">\n\t\t\t\t<div class=\"elementor-widget-container\">\n\t\t\t\t\t<h5 class=\"elementor-heading-title elementor-size-default\"><a href=\"https:\/\/baltsunmelns.lv\/pakalpojumi\/buvprojektu-un-buvju-ekspertize\/\">B\u016bvprojektu un b\u016bvju ekspert\u012bze<\/a><\/h5>\t\t\t\t<\/div>\n\t\t\t\t<\/div>\n\t\t\t\t<\/div>\n\t\t<div class=\"elementor-element elementor-element-64fbfde0 e-con-full e-flex wpr-particle-no wpr-jarallax-no wpr-parallax-no wpr-sticky-section-no e-con e-child\" data-id=\"64fbfde0\" data-element_type=\"container\" data-e-type=\"container\">\n\t\t\t\t<div class=\"elementor-element elementor-element-290b7314 elementor-widget elementor-widget-image\" data-id=\"290b7314\" data-element_type=\"widget\" data-e-type=\"widget\" data-widget_type=\"image.default\">\n\t\t\t\t<div class=\"elementor-widget-container\">\n\t\t\t\t\t\t\t\t\t\t\t\t\t\t\t\t<a href=\"https:\/\/baltsunmelns.lv\/pakalpojumi\/bim-koordinesana\/\">\n\t\t\t\t\t\t\t<img loading=\"lazy\" decoding=\"async\" width=\"40\" height=\"40\" src=\"https:\/\/baltsunmelns.lv\/wp-content\/uploads\/2024\/12\/MUB-BIM.svg\" class=\"attachment-large size-large wp-image-904\" alt=\"BIM kordin\u0113\u0161ana\" title=\"\">\t\t\t\t\t\t\t\t<\/a>\n\t\t\t\t\t\t\t\t\t\t\t\t\t\t\t<\/div>\n\t\t\t\t<\/div>\n\t\t\t\t<div class=\"elementor-element elementor-element-2abf2c4b elementor-widget elementor-widget-heading\" data-id=\"2abf2c4b\" data-element_type=\"widget\" data-e-type=\"widget\" data-widget_type=\"heading.default\">\n\t\t\t\t<div class=\"elementor-widget-container\">\n\t\t\t\t\t<h5 class=\"elementor-heading-title elementor-size-default\"><a href=\"https:\/\/baltsunmelns.lv\/pakalpojumi\/bim-koordinesana\/\">BIM koordin\u0113\u0161ana<\/a><\/h5>\t\t\t\t<\/div>\n\t\t\t\t<\/div>\n\t\t\t\t<\/div>\n\t\t<div class=\"elementor-element elementor-element-1d4a909f e-con-full e-flex wpr-particle-no wpr-jarallax-no wpr-parallax-no wpr-sticky-section-no e-con e-child\" data-id=\"1d4a909f\" data-element_type=\"container\" data-e-type=\"container\">\n\t\t\t\t<div class=\"elementor-element elementor-element-5cc7dd7d elementor-widget elementor-widget-image\" data-id=\"5cc7dd7d\" data-element_type=\"widget\" data-e-type=\"widget\" data-widget_type=\"image.default\">\n\t\t\t\t<div class=\"elementor-widget-container\">\n\t\t\t\t\t\t\t\t\t\t\t\t\t\t\t\t<a href=\"https:\/\/baltsunmelns.lv\/pakalpojumi\/ekas-uzmerijums\/\">\n\t\t\t\t\t\t\t<img loading=\"lazy\" decoding=\"async\" width=\"40\" height=\"40\" src=\"https:\/\/baltsunmelns.lv\/wp-content\/uploads\/2024\/12\/MUB-Ekas-uzmerijums.svg\" class=\"attachment-large size-large wp-image-907\" alt=\"\u0112kas uzm\u0113r\u012bjums\" title=\"\">\t\t\t\t\t\t\t\t<\/a>\n\t\t\t\t\t\t\t\t\t\t\t\t\t\t\t<\/div>\n\t\t\t\t<\/div>\n\t\t\t\t<div class=\"elementor-element elementor-element-6cd6025 elementor-widget elementor-widget-heading\" data-id=\"6cd6025\" data-element_type=\"widget\" data-e-type=\"widget\" data-widget_type=\"heading.default\">\n\t\t\t\t<div class=\"elementor-widget-container\">\n\t\t\t\t\t<h5 class=\"elementor-heading-title elementor-size-default\"><a href=\"https:\/\/baltsunmelns.lv\/pakalpojumi\/ekas-uzmerijums\/\">\u0112kas uzm\u0113r\u012bjums<\/a><\/h5>\t\t\t\t<\/div>\n\t\t\t\t<\/div>\n\t\t\t\t<\/div>\n\t\t<div class=\"elementor-element elementor-element-5bc2e677 e-con-full e-flex wpr-particle-no wpr-jarallax-no wpr-parallax-no wpr-sticky-section-no e-con e-child\" data-id=\"5bc2e677\" data-element_type=\"container\" data-e-type=\"container\">\n\t\t\t\t<div class=\"elementor-element elementor-element-25725e33 elementor-widget elementor-widget-image\" data-id=\"25725e33\" data-element_type=\"widget\" data-e-type=\"widget\" data-widget_type=\"image.default\">\n\t\t\t\t<div class=\"elementor-widget-container\">\n\t\t\t\t\t\t\t\t\t\t\t\t\t\t\t\t<a href=\"https:\/\/baltsunmelns.lv\/pakalpojumi\/inzeniertiklu-projektesana\/\">\n\t\t\t\t\t\t\t<img loading=\"lazy\" decoding=\"async\" width=\"40\" height=\"40\" src=\"https:\/\/baltsunmelns.lv\/wp-content\/uploads\/2024\/12\/MUB-Inzenierkoumunikacijas.svg\" class=\"attachment-large size-large wp-image-906\" alt=\"In\u017eeniert\u012bklu projekt\u0113\u0161ana\" title=\"\">\t\t\t\t\t\t\t\t<\/a>\n\t\t\t\t\t\t\t\t\t\t\t\t\t\t\t<\/div>\n\t\t\t\t<\/div>\n\t\t\t\t<div class=\"elementor-element elementor-element-5e6f749e elementor-widget elementor-widget-heading\" data-id=\"5e6f749e\" data-element_type=\"widget\" data-e-type=\"widget\" data-widget_type=\"heading.default\">\n\t\t\t\t<div class=\"elementor-widget-container\">\n\t\t\t\t\t<h5 class=\"elementor-heading-title elementor-size-default\"><a href=\"https:\/\/baltsunmelns.lv\/pakalpojumi\/inzeniertiklu-projektesana\/\">In\u017eeniert\u012bklu projekt\u0113\u0161ana<\/a><\/h5>\t\t\t\t<\/div>\n\t\t\t\t<\/div>\n\t\t\t\t<\/div>\n\t\t<div class=\"elementor-element elementor-element-420e31bf e-con-full e-flex wpr-particle-no wpr-jarallax-no wpr-parallax-no wpr-sticky-section-no e-con e-child\" data-id=\"420e31bf\" data-element_type=\"container\" data-e-type=\"container\">\n\t\t\t\t<div class=\"elementor-element elementor-element-7be64452 elementor-widget elementor-widget-image\" data-id=\"7be64452\" data-element_type=\"widget\" data-e-type=\"widget\" data-widget_type=\"image.default\">\n\t\t\t\t<div class=\"elementor-widget-container\">\n\t\t\t\t\t\t\t\t\t\t\t\t\t\t\t\t<a href=\"https:\/\/baltsunmelns.lv\/pakalpojumi\/eku-siltinasana\/\">\n\t\t\t\t\t\t\t<img loading=\"lazy\" decoding=\"async\" width=\"24\" height=\"24\" src=\"https:\/\/baltsunmelns.lv\/wp-content\/uploads\/2024\/12\/MUN-eku-siltinasana.svg\" class=\"attachment-large size-large wp-image-902\" alt=\"\u0112ku siltin\u0101\u0161ana\" title=\"\">\t\t\t\t\t\t\t\t<\/a>\n\t\t\t\t\t\t\t\t\t\t\t\t\t\t\t<\/div>\n\t\t\t\t<\/div>\n\t\t\t\t<div class=\"elementor-element elementor-element-6d964378 elementor-widget elementor-widget-heading\" data-id=\"6d964378\" data-element_type=\"widget\" data-e-type=\"widget\" data-widget_type=\"heading.default\">\n\t\t\t\t<div class=\"elementor-widget-container\">\n\t\t\t\t\t<h5 class=\"elementor-heading-title elementor-size-default\"><a href=\"https:\/\/baltsunmelns.lv\/pakalpojumi\/eku-siltinasana\/\">\u0112ku siltin\u0101\u0161ana<\/a><\/h5>\t\t\t\t<\/div>\n\t\t\t\t<\/div>\n\t\t\t\t<\/div>\n\t\t<div class=\"elementor-element elementor-element-526e5335 e-con-full e-flex wpr-particle-no wpr-jarallax-no wpr-parallax-no wpr-sticky-section-no e-con e-child\" data-id=\"526e5335\" data-element_type=\"container\" data-e-type=\"container\">\n\t\t\t\t<div class=\"elementor-element elementor-element-5d7b851b elementor-widget elementor-widget-image\" data-id=\"5d7b851b\" data-element_type=\"widget\" data-e-type=\"widget\" data-widget_type=\"image.default\">\n\t\t\t\t<div class=\"elementor-widget-container\">\n\t\t\t\t\t\t\t\t\t\t\t\t\t\t\t\t<a href=\"https:\/\/baltsunmelns.lv\/pakalpojumi\/detalplanojuma-izstrade\/\">\n\t\t\t\t\t\t\t<img loading=\"lazy\" decoding=\"async\" width=\"24\" height=\"24\" src=\"https:\/\/baltsunmelns.lv\/wp-content\/uploads\/2024\/12\/MUB-detalplanojumi.svg\" class=\"attachment-large size-large wp-image-900\" alt=\"\" title=\"\">\t\t\t\t\t\t\t\t<\/a>\n\t\t\t\t\t\t\t\t\t\t\t\t\t\t\t<\/div>\n\t\t\t\t<\/div>\n\t\t\t\t<div class=\"elementor-element elementor-element-1a2e3a88 elementor-widget elementor-widget-heading\" data-id=\"1a2e3a88\" data-element_type=\"widget\" data-e-type=\"widget\" data-widget_type=\"heading.default\">\n\t\t\t\t<div class=\"elementor-widget-container\">\n\t\t\t\t\t<h5 class=\"elementor-heading-title elementor-size-default\"><a href=\"https:\/\/baltsunmelns.lv\/pakalpojumi\/detalplanojuma-izstrade\/\">Det\u0101lpl\u0101nojumi<\/a><\/h5>\t\t\t\t<\/div>\n\t\t\t\t<\/div>\n\t\t\t\t<\/div>\n\t\t<div class=\"elementor-element elementor-element-4c74b9db e-con-full e-flex wpr-particle-no wpr-jarallax-no wpr-parallax-no wpr-sticky-section-no e-con e-child\" data-id=\"4c74b9db\" data-element_type=\"container\" data-e-type=\"container\">\n\t\t\t\t<div class=\"elementor-element elementor-element-6eceb04c elementor-widget elementor-widget-image\" data-id=\"6eceb04c\" data-element_type=\"widget\" data-e-type=\"widget\" data-widget_type=\"image.default\">\n\t\t\t\t<div class=\"elementor-widget-container\">\n\t\t\t\t\t\t\t\t\t\t\t\t\t\t\t\t<a href=\"https:\/\/baltsunmelns.lv\/pakalpojumi\/ekas-tehniska-apsekosana\/\">\n\t\t\t\t\t\t\t<img loading=\"lazy\" decoding=\"async\" width=\"24\" height=\"24\" src=\"https:\/\/baltsunmelns.lv\/wp-content\/uploads\/2024\/12\/MUB-tehniska-apsekosana.svg\" class=\"attachment-large size-large wp-image-898\" alt=\"\u0112kas tehnisk\u0101 apseko\u0161ana\" title=\"\">\t\t\t\t\t\t\t\t<\/a>\n\t\t\t\t\t\t\t\t\t\t\t\t\t\t\t<\/div>\n\t\t\t\t<\/div>\n\t\t\t\t<div class=\"elementor-element elementor-element-1e5310d3 elementor-widget elementor-widget-heading\" data-id=\"1e5310d3\" data-element_type=\"widget\" data-e-type=\"widget\" data-widget_type=\"heading.default\">\n\t\t\t\t<div class=\"elementor-widget-container\">\n\t\t\t\t\t<h5 class=\"elementor-heading-title elementor-size-default\"><a href=\"https:\/\/baltsunmelns.lv\/pakalpojumi\/ekas-tehniska-apsekosana\/\">\u0112ku tehnisk\u0101 apseko\u0161ana<\/a><\/h5>\t\t\t\t<\/div>\n\t\t\t\t<\/div>\n\t\t\t\t<\/div>\n\t\t\t\t<\/div>\n\t\t\t\t\t<\/div>\n\t\t\t\t<\/div>\n\t\t\t\t<\/div>\n\t\t","protected":false},"excerpt":{"rendered":"<p>Projekt\u0113\u0161anas biroja BALTS UN MELNS pakalpojumi SIA &#8220;BALTS UN MELNS&#8221; ir pieredz\u0113jis arhitekt\u016bras un b\u016bvniec\u012bbas projekt\u0113\u0161anas birojs, kas darbojas nozar\u0113 kop\u0161 2004. gada. M\u0113s pal\u012bdzam klientiem realiz\u0113t vi\u0146u idejas \u2013 no maziem p\u0101rb\u016bves projektiem l\u012bdz liel\u0101m, sare\u017e\u0123\u012bt\u0101m b\u016bv\u0113m. M\u016bsu komanda sast\u0101v no augstas kvalifik\u0101cijas speci\u0101listiem, kas nodro\u0161ina pilnu spektru projekt\u0113\u0161anas pakalpojumu, s\u0101kot no arhitekt\u016bras risin\u0101jumiem un b\u016bvkonstrukcij\u0101m l\u012bdz pat in\u017eeniert\u012bklu projekt\u0113\u0161anai. M\u0113s r\u016bp\u0113jamies par to, lai projekts tiktu \u012bstenots laik\u0101 un atbilsto\u0161i vis\u0101m normat\u012bvaj\u0101m pras\u012bb\u0101m. Sa\u0146emt pied\u0101v\u0101jumu M\u016bsu pakalpojumi Arhitekt\u016bra B\u016bvkonstrukcijas B\u016bvprojektu un b\u016bvju ekspert\u012bze BIM koordin\u0113\u0161ana \u0112kas uzm\u0113r\u012bjums In\u017eeniert\u012bklu projekt\u0113\u0161ana \u0112ku siltin\u0101\u0161ana Det\u0101lpl\u0101nojumi \u0112ku tehnisk\u0101 apseko\u0161ana<\/p>\n","protected":false},"author":1,"featured_media":0,"parent":0,"menu_order":0,"comment_status":"closed","ping_status":"closed","template":"","meta":{"footnotes":""},"class_list":["post-185","page","type-page","status-publish","hentry"],"_links":{"self":[{"href":"https:\/\/baltsunmelns.lv\/lv\/wp-json\/wp\/v2\/pages\/185","targetHints":{"allow":["GET"]}}],"collection":[{"href":"https:\/\/baltsunmelns.lv\/lv\/wp-json\/wp\/v2\/pages"}],"about":[{"href":"https:\/\/baltsunmelns.lv\/lv\/wp-json\/wp\/v2\/types\/page"}],"author":[{"embeddable":true,"href":"https:\/\/baltsunmelns.lv\/lv\/wp-json\/wp\/v2\/users\/1"}],"replies":[{"embeddable":true,"href":"https:\/\/baltsunmelns.lv\/lv\/wp-json\/wp\/v2\/comments?post=185"}],"version-history":[{"count":0,"href":"https:\/\/baltsunmelns.lv\/lv\/wp-json\/wp\/v2\/pages\/185\/revisions"}],"wp:attachment":[{"href":"https:\/\/baltsunmelns.lv\/lv\/wp-json\/wp\/v2\/media?parent=185"}],"curies":[{"name":"wp","href":"https:\/\/api.w.org\/{rel}","templated":true}]}}