{"id":64,"date":"2024-09-14T13:40:16","date_gmt":"2024-09-14T13:40:16","guid":{"rendered":"https:\/\/baltsunmelns.lv\/?page_id=64"},"modified":"2024-09-16T13:20:20","modified_gmt":"2024-09-16T13:20:20","slug":"curriculum-vitae","status":"publish","type":"page","link":"https:\/\/baltsunmelns.lv\/en\/komanda\/curriculum-vitae\/","title":{"rendered":"Curriculum vitae\u00a0"},"content":{"rendered":"<div data-elementor-type=\"wp-page\" data-elementor-id=\"64\" class=\"elementor elementor-64\">\n\t\t\t\t<div class=\"elementor-element elementor-element-b0787de e-grid e-con-boxed wpr-particle-no wpr-jarallax-no wpr-parallax-no wpr-sticky-section-no wpr-equal-height-no e-con e-parent\" data-id=\"b0787de\" data-element_type=\"container\" data-e-type=\"container\">\n\t\t\t\t\t<div class=\"e-con-inner\">\n\t\t<div class=\"elementor-element elementor-element-aff88a8 e-con-full e-flex wpr-particle-no wpr-jarallax-no wpr-parallax-no wpr-sticky-section-no wpr-equal-height-no e-con e-child\" data-id=\"aff88a8\" data-element_type=\"container\" data-e-type=\"container\">\n\t\t\t\t<div class=\"elementor-element elementor-element-a612213 elementor-widget elementor-widget-heading\" data-id=\"a612213\" data-element_type=\"widget\" data-e-type=\"widget\" data-widget_type=\"heading.default\">\n\t\t\t\t<div class=\"elementor-widget-container\">\n\t\t\t\t\t<h1 class=\"elementor-heading-title elementor-size-default\">Become part of BALTS UN MELNS team!\n<\/h1>\t\t\t\t<\/div>\n\t\t\t\t<\/div>\n\t\t\t\t<div class=\"elementor-element elementor-element-e82e421 elementor-widget elementor-widget-heading\" data-id=\"e82e421\" data-element_type=\"widget\" data-e-type=\"widget\" data-widget_type=\"heading.default\">\n\t\t\t\t<div class=\"elementor-widget-container\">\n\t\t\t\t\t<span class=\"elementor-heading-title elementor-size-default\">We're looking for talented and motivated professionals who want to join our creative team. If you're enthusiastic, interested in design, aren't scared by accolades and want to work on big and small projects, fill out this form of application. <\/span>\t\t\t\t<\/div>\n\t\t\t\t<\/div>\n\t\t\t\t<div class=\"elementor-element elementor-element-9e695c8 elementor-widget elementor-widget-wp-widget-forminator_widget\" data-id=\"9e695c8\" data-element_type=\"widget\" data-e-type=\"widget\" data-widget_type=\"wp-widget-forminator_widget.default\">\n\t\t\t\t<div class=\"elementor-widget-container\">\n\t\t\t\t\t<div class=\"forminator-ui forminator-custom-form forminator-custom-form-59 forminator-design--default  forminator_ajax\" data-forminator-render=\"0\" data-form=\"forminator-module-59\" data-uid=\"69f22c8c9ab71\"><br\/><\/div><form\n\t\t\t\tid=\"forminator-module-59\"\n\t\t\t\tclass=\"forminator-ui forminator-custom-form forminator-custom-form-59 forminator-design--default  forminator_ajax\"\n\t\t\t\tmethod=\"post\"\n\t\t\t\tdata-forminator-render=\"0\"\n\t\t\t\tdata-form-id=\"59\"\n\t\t\t\tenctype=\"multipart\/form-data\" data-color-option=\"default\" data-design=\"default\" data-grid=\"open\" style=\"display: none;\"\n\t\t\t\tdata-uid=\"69f22c8c9ab71\" action=\"\"\n\t\t\t><div role=\"alert\" aria-live=\"polite\" class=\"forminator-response-message forminator-error\" aria-hidden=\"true\"><\/div><div class=\"forminator-row\"><div id=\"name-1\" class=\"forminator-field-name forminator-col forminator-col-12\"><div class=\"forminator-field\"><label for=\"forminator-field-name-1_69f22c8c9ab71\" id=\"forminator-field-name-1_69f22c8c9ab71-label\" class=\"forminator-label\">Full name <span class=\"forminator-required\">*<\/span><\/label><input type=\"text\" name=\"name-1\" value=\"\" placeholder=\"Please state your full name\" id=\"forminator-field-name-1_69f22c8c9ab71\" class=\"forminator-input forminator-name--field\" aria-required=\"true\" autocomplete=\"name\" \/><\/div><\/div><\/div><div class=\"forminator-row\"><div id=\"email-1\" class=\"forminator-field-email forminator-col forminator-col-12\"><div class=\"forminator-field\"><label for=\"forminator-field-email-1_69f22c8c9ab71\" id=\"forminator-field-email-1_69f22c8c9ab71-label\" class=\"forminator-label\">Email address <span class=\"forminator-required\">*<\/span><\/label><input type=\"email\" name=\"email-1\" value=\"\" placeholder=\"Please provide your email address\" id=\"forminator-field-email-1_69f22c8c9ab71\" class=\"forminator-input forminator-email--field\" data-required=\"true\" aria-required=\"true\" autocomplete=\"email\" \/><\/div><\/div><\/div><div class=\"forminator-row\"><div id=\"phone-1\" class=\"forminator-field-phone forminator-col forminator-col-12\"><div class=\"forminator-field\"><label for=\"forminator-field-phone-1_69f22c8c9ab71\" id=\"forminator-field-phone-1_69f22c8c9ab71-label\" class=\"forminator-label\">Phone number <span class=\"forminator-required\">*<\/span><\/label><input type=\"text\" name=\"phone-1\" value=\"\" placeholder=\"Please enter your phone number\" id=\"forminator-field-phone-1_69f22c8c9ab71\" class=\"forminator-input forminator-field--phone\" data-required=\"1\" aria-required=\"true\" autocomplete=\"off\" data-national_mode=\"disabled\" data-country=\"lv\" data-validation=\"international\" \/><\/div><\/div><\/div><div class=\"forminator-row\"><div id=\"upload-1\" class=\"forminator-field-upload forminator-col forminator-col-12\"><div class=\"forminator-field\"><label for=\"forminator-field-upload-1_69f22c8c9ab71\" id=\"forminator-field-upload-1_69f22c8c9ab71-label\" class=\"forminator-label\">Add your resume <span class=\"forminator-required\">*<\/span><\/label><div class=\"forminator-file-upload\" data-element=\"upload-1_69f22c8c9ab71\" aria-describedby=\"forminator-field-upload-1_69f22c8c9ab71-description\"><input type=\"file\" name=\"upload-1\" id=\"forminator-field-upload-1_69f22c8c9ab71\" class=\"forminator-input-file-required do-validate\" accept=\".avif,.pdf\" tabindex=\"-1\"><button id=\"forminator-field-upload-1_69f22c8c9ab71_button\" class=\"forminator-button forminator-button-upload\" data-id=\"forminator-field-upload-1_69f22c8c9ab71\">Choose File<\/button><span data-empty-text=\"No file chosen\">No file chosen<\/span><button class=\"forminator-button-delete\" style=\"display: none;\"><i class=\"forminator-icon-close\" aria-hidden=\"true\"><\/i><span class=\"forminator-screen-reader-only\">Delete uploaded file<\/span><\/button><\/div><span id=\"forminator-field-upload-1_69f22c8c9ab71-description\" class=\"forminator-description\">At\u013cautie failu veidi: .pdf. Maksim\u0101lais faila izm\u0113rs: 2 MB.<\/span><\/div><\/div><\/div><div class=\"forminator-row\"><div id=\"url-1\" class=\"forminator-field-url forminator-col forminator-col-12\"><div class=\"forminator-field\"><label for=\"forminator-field-url-1_69f22c8c9ab71\" id=\"forminator-field-url-1_69f22c8c9ab71-label\" class=\"forminator-label\">LinkedIn profile<\/label><input type=\"url\" name=\"url-1\" value=\"\" placeholder=\"Please insert a link to your LinkedIn profile\" id=\"forminator-field-url-1_69f22c8c9ab71\" class=\"forminator-input forminator-website--field\" data-required=\"\" aria-required=\"false\" \/><\/div><\/div><\/div><div class=\"forminator-row\"><div id=\"select-1\" class=\"forminator-field-select forminator-col forminator-col-12\"><div class=\"forminator-field\"><label for=\"forminator-form-59__field--select-1_69f22c8c9ab71\" id=\"forminator-form-59__field--select-1_69f22c8c9ab71-label\" class=\"forminator-label\">How did you find out about us?<\/label><select  id=\"forminator-form-59__field--select-1_69f22c8c9ab71\" class=\"forminator-select--field forminator-select2 forminator-select2-multiple\" data-required=\"\" name=\"select-1\" data-default-value=\"\" data-hidden-behavior=\"zero\" data-placeholder=\"L\u016bdzu izv\u0113lies k\u0101du no variantiem\" data-search=\"false\" data-search-placeholder=\"L\u016bdzu izv\u0113lies k\u0101du no variantiem\" data-checkbox=\"false\" data-allow-clear=\"false\" aria-labelledby=\"forminator-form-59__field--select-1_69f22c8c9ab71-label\"><option value=\"\"  >Please choose one of the options<\/option><option value=\"one\"  data-calculation=\"0\">Search engine (Google, Bing...)<\/option><option value=\"Cits\"  data-calculation=\"0\">Other<\/option><option value=\"two\"  data-calculation=\"0\">Social networks (Facebook, Instagram, LinkedIn...)<\/option><option value=\"Ieteikums-no-cita-cilv\u0113ka\"  data-calculation=\"0\">Recommendation from a friend, acquaintance, colleague<\/option><option value=\"Rekl\u0101ma\"  data-calculation=\"0\">Advertising (Google ads, social network advertising)<\/option><\/select><\/div><\/div><\/div><div class=\"forminator-row\"><div id=\"textarea-1\" class=\"forminator-field-textarea forminator-col forminator-col-12\"><div class=\"forminator-field\"><label for=\"forminator-field-textarea-1_69f22c8c9ab71\" id=\"forminator-field-textarea-1_69f22c8c9ab71-label\" class=\"forminator-label\">K\u0101p\u0113c J\u016bs v\u0113laties pievienoties tie\u0161i &quot;Balts un Melns&quot; komandai? <span class=\"forminator-required\">*<\/span><\/label><textarea name=\"textarea-1\" placeholder=\"\" id=\"forminator-field-textarea-1_69f22c8c9ab71\" class=\"forminator-textarea\" rows=\"6\" style=\"--forminator-textarea-min-height:160px;\" maxlength=\"1000\" ><\/textarea><span id=\"forminator-field-textarea-1_69f22c8c9ab71-description\" class=\"forminator-description\"><span data-limit=\"1000\" data-type=\"characters\" data-editor=\"\">0 \/ 1000<\/span><\/span><\/div><\/div><\/div><input type=\"hidden\" name=\"referer_url\" value=\"\" \/><div class=\"forminator-row forminator-row-last\"><div class=\"forminator-col\"><div class=\"forminator-field\"><button class=\"forminator-button forminator-button-submit\">Submit<\/button><\/div><\/div><\/div><input type=\"hidden\" id=\"forminator_nonce\" name=\"forminator_nonce\" value=\"5ab26c15c5\" \/><input type=\"hidden\" name=\"_wp_http_referer\" value=\"\/en\/wp-json\/wp\/v2\/pages\/64\" \/><input type=\"hidden\" name=\"form_id\" value=\"59\"><input type=\"hidden\" name=\"page_id\" value=\"64\"><input type=\"hidden\" name=\"form_type\" value=\"default\"><input type=\"hidden\" name=\"current_url\" value=\"https:\/\/baltsunmelns.lv\/en\/komanda\/curriculum-vitae\/\"><input type=\"hidden\" name=\"render_id\" value=\"0\"><input type=\"hidden\" name=\"action\" value=\"forminator_submit_form_custom-forms\"><label for=\"input_8\" class=\"forminator-hidden\" aria-hidden=\"true\">Please do not fill in this field. <input id=\"input_8\" type=\"text\" name=\"input_8\" value=\"\" autocomplete=\"off\"><\/label><input type=\"hidden\" name=\"trp-form-language\" value=\"en\"\/><\/form>\t\t\t\t<\/div>\n\t\t\t\t<\/div>\n\t\t\t\t<div class=\"elementor-element elementor-element-75d6101 elementor-widget elementor-widget-heading\" data-id=\"75d6101\" data-element_type=\"widget\" data-e-type=\"widget\" data-widget_type=\"heading.default\">\n\t\t\t\t<div class=\"elementor-widget-container\">\n\t\t\t\t\t<p class=\"elementor-heading-title elementor-size-default\">The SIA \u201cWhite and Black\u201d processes your personal data to evaluate your candidacy. Your data will be processed in accordance with the General data Protection Regulation of the European Union (GDPR) and other applicable data protection laws and regulations. You can request access, repair, or delete your data at any time. For more detailed data processing, see our privacy policy.\n\n<\/p>\t\t\t\t<\/div>\n\t\t\t\t<\/div>\n\t\t\t\t<\/div>\n\t\t\t\t\t<\/div>\n\t\t\t\t<\/div>\n\t\t\t\t<\/div>","protected":false},"excerpt":{"rendered":"<p>K\u013c\u016bsti par da\u013cu no Balts un Melns st\u0101sta! M\u0113s mekl\u0113jam talant\u012bgus un motiv\u0113tus profesion\u0101\u013cus, kas v\u0113las pievienoties m\u016bsu rado\u0161ajai komandai. Ja esi aizraut\u012bgs, interes\u0113jies par projekt\u0113\u0161anu, tevi nebied\u0113 izacin\u0101jumi un v\u0113lies str\u0101d\u0101t pie lieliem un maziem projektiem, aizpildi \u0161o pieteikuma formu. SIA &#8220;Balts un Melns&#8221; apstr\u0101d\u0101 J\u016bsu personas datus, lai izv\u0113rt\u0113tu J\u016bsu kandidat\u016bru. J\u016bsu dati tiks apstr\u0101d\u0101ti saska\u0146\u0101 ar Eiropas Savien\u012bbas Visp\u0101r\u012bgo datu aizsardz\u012bbas regulu (GDPR) un citiem piem\u0113rojamiem datu aizsardz\u012bbas normat\u012bvajiem aktiem. J\u016bs jebkur\u0101 laik\u0101 varat piepras\u012bt piek\u013c\u016bt saviem datiem, tos labot vai dz\u0113st. Detaliz\u0113t\u0101ku inform\u0101ciju par datu apstr\u0101di skatiet m\u016bsu priv\u0101tuma politik\u0101.<\/p>","protected":false},"author":1,"featured_media":0,"parent":57,"menu_order":0,"comment_status":"closed","ping_status":"closed","template":"","meta":{"footnotes":""},"class_list":["post-64","page","type-page","status-publish","hentry"],"_links":{"self":[{"href":"https:\/\/baltsunmelns.lv\/en\/wp-json\/wp\/v2\/pages\/64","targetHints":{"allow":["GET"]}}],"collection":[{"href":"https:\/\/baltsunmelns.lv\/en\/wp-json\/wp\/v2\/pages"}],"about":[{"href":"https:\/\/baltsunmelns.lv\/en\/wp-json\/wp\/v2\/types\/page"}],"author":[{"embeddable":true,"href":"https:\/\/baltsunmelns.lv\/en\/wp-json\/wp\/v2\/users\/1"}],"replies":[{"embeddable":true,"href":"https:\/\/baltsunmelns.lv\/en\/wp-json\/wp\/v2\/comments?post=64"}],"version-history":[{"count":0,"href":"https:\/\/baltsunmelns.lv\/en\/wp-json\/wp\/v2\/pages\/64\/revisions"}],"up":[{"embeddable":true,"href":"https:\/\/baltsunmelns.lv\/en\/wp-json\/wp\/v2\/pages\/57"}],"wp:attachment":[{"href":"https:\/\/baltsunmelns.lv\/en\/wp-json\/wp\/v2\/media?parent=64"}],"curies":[{"name":"wp","href":"https:\/\/api.w.org\/{rel}","templated":true}]}}