{"id":3,"date":"2024-09-14T06:28:55","date_gmt":"2024-09-14T06:28:55","guid":{"rendered":"https:\/\/baltsunmelns.lv\/?page_id=3"},"modified":"2025-03-28T13:28:58","modified_gmt":"2025-03-28T13:28:58","slug":"privacy-policy","status":"publish","type":"page","link":"https:\/\/baltsunmelns.lv\/en\/privacy-policy\/","title":{"rendered":"Privacy Policy"},"content":{"rendered":"<div data-elementor-type=\"wp-page\" data-elementor-id=\"3\" class=\"elementor elementor-3\">\n\t\t\t\t<div class=\"elementor-element elementor-element-284ffbac e-flex e-con-boxed wpr-particle-no wpr-jarallax-no wpr-parallax-no wpr-sticky-section-no e-con e-parent\" data-id=\"284ffbac\" data-element_type=\"container\" data-e-type=\"container\">\n\t\t\t\t\t<div class=\"e-con-inner\">\n\t\t\t\t<div class=\"elementor-element elementor-element-a850bbb elementor-widget elementor-widget-heading\" data-id=\"a850bbb\" data-element_type=\"widget\" data-e-type=\"widget\" data-widget_type=\"heading.default\">\n\t\t\t\t<div class=\"elementor-widget-container\">\n\t\t\t\t\t<h1 class=\"elementor-heading-title elementor-size-default\">Privacy Policy<\/h1>\t\t\t\t<\/div>\n\t\t\t\t<\/div>\n\t\t\t\t<div class=\"elementor-element elementor-element-5f21f78 elementor-widget__width-initial elementor-widget-mobile__width-inherit elementor-widget elementor-widget-heading\" data-id=\"5f21f78\" data-element_type=\"widget\" data-e-type=\"widget\" data-widget_type=\"heading.default\">\n\t\t\t\t<div class=\"elementor-widget-container\">\n\t\t\t\t\t<h3 class=\"elementor-heading-title elementor-size-default\">1. Intro\n<\/h3>\t\t\t\t<\/div>\n\t\t\t\t<\/div>\n\t\t\t\t<div class=\"elementor-element elementor-element-454306e elementor-widget__width-initial elementor-widget-mobile__width-inherit elementor-widget elementor-widget-text-editor\" data-id=\"454306e\" data-element_type=\"widget\" data-e-type=\"widget\" data-widget_type=\"text-editor.default\">\n\t\t\t\t<div class=\"elementor-widget-container\">\n\t\t\t\t\t\t\t\t\t<p>\u0160\u012b priv\u0101tuma politika nosaka, k\u0101 SIA &#8220;BALTS UN MELNS&#8221; (turpm\u0101k tekst\u0101 \u2013 Uz\u0146\u0113mums) apstr\u0101d\u0101 personas datus, kurus ieg\u016bst, izmantojot savu m\u0101jaslapu <a href=\"https:\/\/baltsunmelns.lv\/en\/\">https:\/\/baltsunmelns.lv\/<\/a> (turpm\u0101k tekst\u0101 \u2013 M\u0101jaslapa).<\/p>\t\t\t\t\t\t\t\t<\/div>\n\t\t\t\t<\/div>\n\t\t\t\t<div class=\"elementor-element elementor-element-c7ba754 elementor-widget__width-initial elementor-widget-mobile__width-inherit elementor-widget elementor-widget-heading\" data-id=\"c7ba754\" data-element_type=\"widget\" data-e-type=\"widget\" data-widget_type=\"heading.default\">\n\t\t\t\t<div class=\"elementor-widget-container\">\n\t\t\t\t\t<h3 class=\"elementor-heading-title elementor-size-default\">2. What personal data is processed?<\/h3>\t\t\t\t<\/div>\n\t\t\t\t<\/div>\n\t\t\t\t<div class=\"elementor-element elementor-element-b13f300 elementor-widget__width-initial elementor-widget-mobile__width-inherit elementor-widget elementor-widget-text-editor\" data-id=\"b13f300\" data-element_type=\"widget\" data-e-type=\"widget\" data-widget_type=\"text-editor.default\">\n\t\t\t\t<div class=\"elementor-widget-container\">\n\t\t\t\t\t\t\t\t\t<p>We may process the following personal data:<\/p>\n<ul>\n<li>Contact information: first name, last name, e-mail address, phone number.<\/li>\n<li>Technical information: IP address, browser, device from which you access the Website.<\/li>\n<li>Content information: information you provide when filling out contact forms, such as project description, preferences.<\/li>\n<\/ul>\t\t\t\t\t\t\t\t<\/div>\n\t\t\t\t<\/div>\n\t\t\t\t<div class=\"elementor-element elementor-element-2e97190 elementor-widget__width-initial elementor-widget-mobile__width-inherit elementor-widget elementor-widget-heading\" data-id=\"2e97190\" data-element_type=\"widget\" data-e-type=\"widget\" data-widget_type=\"heading.default\">\n\t\t\t\t<div class=\"elementor-widget-container\">\n\t\t\t\t\t<h3 class=\"elementor-heading-title elementor-size-default\">3. Why do we process your personal data?\n<\/h3>\t\t\t\t<\/div>\n\t\t\t\t<\/div>\n\t\t\t\t<div class=\"elementor-element elementor-element-9843107 elementor-widget__width-initial elementor-widget-mobile__width-inherit elementor-widget elementor-widget-text-editor\" data-id=\"9843107\" data-element_type=\"widget\" data-e-type=\"widget\" data-widget_type=\"text-editor.default\">\n\t\t\t\t<div class=\"elementor-widget-container\">\n\t\t\t\t\t\t\t\t\t<p>We process your personal data for the following purposes:<\/p>\n<ul>\n<li>Contact: To respond to your questions and requests.<\/li>\n<li>Provision of services: To provide you with the services you have requested.<\/li>\n<li>Marketing: To send you information about our products and services if you have agreed to receive marketing materials.<\/li>\n<li>Website Improvement: To analyze how you use our Website and to improve it.<\/li>\n<\/ul>\t\t\t\t\t\t\t\t<\/div>\n\t\t\t\t<\/div>\n\t\t\t\t<div class=\"elementor-element elementor-element-1350878 elementor-widget__width-initial elementor-widget-mobile__width-inherit elementor-widget elementor-widget-heading\" data-id=\"1350878\" data-element_type=\"widget\" data-e-type=\"widget\" data-widget_type=\"heading.default\">\n\t\t\t\t<div class=\"elementor-widget-container\">\n\t\t\t\t\t<h3 class=\"elementor-heading-title elementor-size-default\">4. Legal basis for data processing\n<\/h3>\t\t\t\t<\/div>\n\t\t\t\t<\/div>\n\t\t\t\t<div class=\"elementor-element elementor-element-6227233 elementor-widget__width-initial elementor-widget-mobile__width-inherit elementor-widget elementor-widget-text-editor\" data-id=\"6227233\" data-element_type=\"widget\" data-e-type=\"widget\" data-widget_type=\"text-editor.default\">\n\t\t\t\t<div class=\"elementor-widget-container\">\n\t\t\t\t\t\t\t\t\t<p>We process your personal data based on the following legal bases:<\/p>\n<ul>\n<li>Your consent: When you give us your consent, for example by filling out a contact form.<\/li>\n<li>Contract: If we have concluded a contract with you for the provision of services.<\/li>\n<li>Our legitimate interests: To ensure our business operations, such as website improvement and customer service.<\/li>\n<\/ul>\t\t\t\t\t\t\t\t<\/div>\n\t\t\t\t<\/div>\n\t\t\t\t<div class=\"elementor-element elementor-element-863828b elementor-widget__width-initial elementor-widget-mobile__width-inherit elementor-widget elementor-widget-heading\" data-id=\"863828b\" data-element_type=\"widget\" data-e-type=\"widget\" data-widget_type=\"heading.default\">\n\t\t\t\t<div class=\"elementor-widget-container\">\n\t\t\t\t\t<h3 class=\"elementor-heading-title elementor-size-default\">5. How do we protect your personal data?<\/h3>\t\t\t\t<\/div>\n\t\t\t\t<\/div>\n\t\t\t\t<div class=\"elementor-element elementor-element-a8b0f75 elementor-widget__width-initial elementor-widget-mobile__width-inherit elementor-widget elementor-widget-text-editor\" data-id=\"a8b0f75\" data-element_type=\"widget\" data-e-type=\"widget\" data-widget_type=\"text-editor.default\">\n\t\t\t\t<div class=\"elementor-widget-container\">\n\t\t\t\t\t\t\t\t\tWe have implemented appropriate technical and organizational measures to protect your personal data from unauthorized access, disclosure, alteration, unlawful destruction or accidental loss.\t\t\t\t\t\t\t\t<\/div>\n\t\t\t\t<\/div>\n\t\t\t\t<div class=\"elementor-element elementor-element-8cc933b elementor-widget__width-initial elementor-widget-mobile__width-inherit elementor-widget elementor-widget-heading\" data-id=\"8cc933b\" data-element_type=\"widget\" data-e-type=\"widget\" data-widget_type=\"heading.default\">\n\t\t\t\t<div class=\"elementor-widget-container\">\n\t\t\t\t\t<h3 class=\"elementor-heading-title elementor-size-default\">6. Who can we transfer your personal data to?\n<\/h3>\t\t\t\t<\/div>\n\t\t\t\t<\/div>\n\t\t\t\t<div class=\"elementor-element elementor-element-b2da8d0 elementor-widget__width-initial elementor-widget-mobile__width-inherit elementor-widget elementor-widget-text-editor\" data-id=\"b2da8d0\" data-element_type=\"widget\" data-e-type=\"widget\" data-widget_type=\"text-editor.default\">\n\t\t\t\t<div class=\"elementor-widget-container\">\n\t\t\t\t\t\t\t\t\t<p>We may transfer your personal data to the following third parties:<\/p>\n<ul>\n<li>Our service providers: e.g. IT companies, marketing agencies.<\/li>\n<li>Governmental authorities: when required by applicable laws and regulations.<\/li>\n<\/ul>\t\t\t\t\t\t\t\t<\/div>\n\t\t\t\t<\/div>\n\t\t\t\t<div class=\"elementor-element elementor-element-e6fd6c5 elementor-widget__width-initial elementor-widget-mobile__width-inherit elementor-widget elementor-widget-heading\" data-id=\"e6fd6c5\" data-element_type=\"widget\" data-e-type=\"widget\" data-widget_type=\"heading.default\">\n\t\t\t\t<div class=\"elementor-widget-container\">\n\t\t\t\t\t<h3 class=\"elementor-heading-title elementor-size-default\">7. How long do we keep your personal data?<\/h3>\t\t\t\t<\/div>\n\t\t\t\t<\/div>\n\t\t\t\t<div class=\"elementor-element elementor-element-1809e65 elementor-widget__width-initial elementor-widget-mobile__width-inherit elementor-widget elementor-widget-text-editor\" data-id=\"1809e65\" data-element_type=\"widget\" data-e-type=\"widget\" data-widget_type=\"text-editor.default\">\n\t\t\t\t<div class=\"elementor-widget-container\">\n\t\t\t\t\t\t\t\t\t<p>We only keep your personal data for as long as is necessary to achieve the purposes for which it was collected.<\/p>\t\t\t\t\t\t\t\t<\/div>\n\t\t\t\t<\/div>\n\t\t\t\t<div class=\"elementor-element elementor-element-ea4e85c elementor-widget__width-initial elementor-widget-mobile__width-inherit elementor-widget elementor-widget-heading\" data-id=\"ea4e85c\" data-element_type=\"widget\" data-e-type=\"widget\" data-widget_type=\"heading.default\">\n\t\t\t\t<div class=\"elementor-widget-container\">\n\t\t\t\t\t<h3 class=\"elementor-heading-title elementor-size-default\">8. Your rights\n<\/h3>\t\t\t\t<\/div>\n\t\t\t\t<\/div>\n\t\t\t\t<div class=\"elementor-element elementor-element-ccd73e9 elementor-widget__width-initial elementor-widget-mobile__width-inherit elementor-widget elementor-widget-text-editor\" data-id=\"ccd73e9\" data-element_type=\"widget\" data-e-type=\"widget\" data-widget_type=\"text-editor.default\">\n\t\t\t\t<div class=\"elementor-widget-container\">\n\t\t\t\t\t\t\t\t\t<p>You have the following rights in relation to your personal data:<\/p>\n<ul>\n<li>Access to data: You can request information about what personal data we process about you.<\/li>\n<li>Data correction: If your data is inaccurate, you can request that it be corrected.<\/li>\n<li>Deletion of data: You can request the deletion of your personal data.<\/li>\n<li>Objections: You can object to the processing of your personal data.<\/li>\n<li>Data portability: You can request to receive your personal data in a structured, commonly used format.<\/li>\n<\/ul>\t\t\t\t\t\t\t\t<\/div>\n\t\t\t\t<\/div>\n\t\t\t\t<div class=\"elementor-element elementor-element-a41ed46 elementor-widget__width-initial elementor-widget-mobile__width-inherit elementor-widget elementor-widget-heading\" data-id=\"a41ed46\" data-element_type=\"widget\" data-e-type=\"widget\" data-widget_type=\"heading.default\">\n\t\t\t\t<div class=\"elementor-widget-container\">\n\t\t\t\t\t<h3 class=\"elementor-heading-title elementor-size-default\">9. Cookies\n<\/h3>\t\t\t\t<\/div>\n\t\t\t\t<\/div>\n\t\t\t\t<div class=\"elementor-element elementor-element-1745515 elementor-widget__width-initial elementor-widget-mobile__width-inherit elementor-widget elementor-widget-text-editor\" data-id=\"1745515\" data-element_type=\"widget\" data-e-type=\"widget\" data-widget_type=\"text-editor.default\">\n\t\t\t\t<div class=\"elementor-widget-container\">\n\t\t\t\t\t\t\t\t\t<p>We use cookies to improve your user experience on our Website.<\/p>\n<p>Cookies are small text files that are stored on your device when you visit our Website.<\/p>\n<p>What cookies do we use?<\/p>\n<ul>\n<li>Session cookies: These cookies are deleted when you close your browser. They are used to remember your preferences, such as language.<\/li>\n<li>Persistent cookies: These cookies are stored on your device for a longer period of time. They are used to remember your preferences and improve your user experience.<\/li>\n<\/ul>\n<p style=\"margin-top: 1em;\">Why do we use cookies? We use cookies to:<\/p>\n<ul>\n<li>Improve your user experience, remember your preferences and customize content.<\/li>\n<li>Analyze how you use our Website to improve it.<\/li>\n<li>Provide you with personalized marketing offers.<\/li>\n<\/ul>\n<p style=\"margin-top: 1em;\">How can you control cookies? You can control cookies by changing your browser settings. You can block cookies or delete those already stored on your device. However, if you block all cookies, some elements of our Website may not function properly.<\/p>\n<p>To learn more about cookies and how to manage them, please visit the following websites:<\/p>\n<ul>\n<li><a href=\"https:\/\/allaboutcookies.org\/\" target=\"_blank\" rel=\"noopener\">https:\/\/allaboutcookies.org\/<\/a><\/li>\n<li><a href=\"https:\/\/www.aboutcookies.org\/\" target=\"_blank\" rel=\"noopener\">https:\/\/www.aboutcookies.org\/<\/a><\/li>\n<\/ul>\t\t\t\t\t\t\t\t<\/div>\n\t\t\t\t<\/div>\n\t\t\t\t<div class=\"elementor-element elementor-element-71526ac elementor-widget__width-initial elementor-widget-mobile__width-inherit elementor-widget elementor-widget-heading\" data-id=\"71526ac\" data-element_type=\"widget\" data-e-type=\"widget\" data-widget_type=\"heading.default\">\n\t\t\t\t<div class=\"elementor-widget-container\">\n\t\t\t\t\t<h3 class=\"elementor-heading-title elementor-size-default\">10. Google Analytics\n<\/h3>\t\t\t\t<\/div>\n\t\t\t\t<\/div>\n\t\t\t\t<div class=\"elementor-element elementor-element-a7c1f35 elementor-widget__width-initial elementor-widget-mobile__width-inherit elementor-widget elementor-widget-text-editor\" data-id=\"a7c1f35\" data-element_type=\"widget\" data-e-type=\"widget\" data-widget_type=\"text-editor.default\">\n\t\t\t\t<div class=\"elementor-widget-container\">\n\t\t\t\t\t\t\t\t\t<p data-sourcepos=\"65:1-65:283\">We use Google Analytics to analyze how you use our Website. Google Analytics collects anonymous data about how visitors use our Website. To learn more about Google Analytics' privacy policy, please visit the Google Analytics Privacy Statement.<\/p>\t\t\t\t\t\t\t\t<\/div>\n\t\t\t\t<\/div>\n\t\t\t\t<div class=\"elementor-element elementor-element-701aecb elementor-widget__width-initial elementor-widget-mobile__width-inherit elementor-widget elementor-widget-heading\" data-id=\"701aecb\" data-element_type=\"widget\" data-e-type=\"widget\" data-widget_type=\"heading.default\">\n\t\t\t\t<div class=\"elementor-widget-container\">\n\t\t\t\t\t<h3 class=\"elementor-heading-title elementor-size-default\">11. Contact us\n<\/h3>\t\t\t\t<\/div>\n\t\t\t\t<\/div>\n\t\t\t\t<div class=\"elementor-element elementor-element-62c623b elementor-widget__width-initial elementor-widget-mobile__width-inherit elementor-widget elementor-widget-text-editor\" data-id=\"62c623b\" data-element_type=\"widget\" data-e-type=\"widget\" data-widget_type=\"text-editor.default\">\n\t\t\t\t<div class=\"elementor-widget-container\">\n\t\t\t\t\t\t\t\t\t<p data-sourcepos=\"69:1-69:140\">If you have any questions about this privacy policy, please contact us at <a href=\"https:\/\/baltsunmelns.lv\/en\/kontakti\/\">contact information<\/a>provided on our Website.<\/p><p data-sourcepos=\"69:1-69:140\">This privacy policy was developed on September 16, 2024. We reserve the right to change this at any time.<\/p>\t\t\t\t\t\t\t\t<\/div>\n\t\t\t\t<\/div>\n\t\t\t\t\t<\/div>\n\t\t\t\t<\/div>\n\t\t\t\t<\/div>","protected":false},"excerpt":{"rendered":"<p>Priv\u0101tuma politika 1. Ievads \u0160\u012b priv\u0101tuma politika nosaka, k\u0101 SIA &#8220;BALTS UN MELNS&#8221; (turpm\u0101k tekst\u0101 \u2013 Uz\u0146\u0113mums) apstr\u0101d\u0101 personas datus, kurus ieg\u016bst, izmantojot savu m\u0101jaslapu https:\/\/baltsunmelns.lv\/ (turpm\u0101k tekst\u0101 \u2013 M\u0101jaslapa). 2. K\u0101di personas dati tiek apstr\u0101d\u0101ti? M\u0113s varam apstr\u0101d\u0101t \u0161\u0101dus personas datus: Kontaktinform\u0101cija: v\u0101rds, uzv\u0101rds, e-pasta adrese, t\u0101lru\u0146a numurs. Tehnisk\u0101 inform\u0101cija: IP adrese, p\u0101rl\u016bkprogramma, ier\u012bce, no kuras piek\u013c\u016bstat M\u0101jaslapai. Satura inform\u0101cija: inform\u0101cija, ko sniedzat, aizpildot kontaktformas, piem\u0113ram, projekta apraksts, v\u0113lmes. 3. K\u0101p\u0113c m\u0113s apstr\u0101d\u0101jam j\u016bsu personas datus? M\u0113s apstr\u0101d\u0101jam j\u016bsu personas datus \u0161\u0101diem m\u0113r\u0137iem: Sazi\u0146a: Lai atbild\u0113tu uz j\u016bsu jaut\u0101jumiem un piepras\u012bjumiem. Pakalpojumu snieg\u0161ana: Lai nodro\u0161in\u0101tu jums piepras\u012btos pakalpojumus. M\u0101rketings: Lai s\u016bt\u012btu jums inform\u0101ciju par m\u016bsu produktiem un pakalpojumiem, ja esat piekritis sa\u0146emt m\u0101rketinga materi\u0101lus. M\u0101jaslapas uzlabo\u0161ana: Lai analiz\u0113tu, k\u0101 j\u016bs izmantojat m\u016bsu M\u0101jaslapu un to uzlabotu. 4. Juridiskais pamats datu apstr\u0101dei M\u0113s apstr\u0101d\u0101jam j\u016bsu personas datus, balstoties uz \u0161\u0101diem juridiskajiem pamatiem: J\u016bsu piekri\u0161ana: Kad j\u016bs sniedzat mums savu piekri\u0161anu, piem\u0113ram, aizpildot kontaktformu. L\u012bgums: Ja m\u0113s esam nosl\u0113gu\u0161i ar jums l\u012bgumu par pakalpojumu snieg\u0161anu. M\u016bsu le\u0123it\u012bm\u0101s intereses: Lai nodro\u0161in\u0101tu m\u016bsu biznesa darb\u012bbu, piem\u0113ram, m\u0101jaslapas uzlabo\u0161anu un klientu apkalpo\u0161anu. 5. K\u0101 m\u0113s aizsarg\u0101jam j\u016bsu personas datus? M\u0113s esam ieviesu\u0161i piem\u0113rotus tehniskos un organizatoriskos pas\u0101kumus, lai aizsarg\u0101tu j\u016bsu personas datus no nesankcion\u0113tas piek\u013cuves, atkl\u0101\u0161anas, izmai\u0146\u0101m, nelikum\u012bgas izn\u012bcin\u0101\u0161anas vai nejau\u0161as zaud\u0113\u0161anas. 6. Kam m\u0113s varam nodot j\u016bsu personas datus? M\u0113s varam nodot j\u016bsu personas datus \u0161\u0101diem tre\u0161aj\u0101m person\u0101m: M\u016bsu pakalpojumu sniedz\u0113ji: piem\u0113ram, IT uz\u0146\u0113mumi, m\u0101rketinga a\u0123ent\u016bras. Valsts iest\u0101des: ja tas ir nepiecie\u0161ams saska\u0146\u0101 ar piem\u0113rojamiem likumiem un noteikumiem. 7. K\u0101 ilgi m\u0113s glab\u0101jam j\u016bsu personas datus? M\u0113s glab\u0101jam j\u016bsu personas datus tikai tik ilgi, cik tas ir nepiecie\u0161ams, lai sasniegtu m\u0113r\u0137us, k\u0101p\u0113c tie tika iev\u0101kti. 8. J\u016bsu ties\u012bbas Jums ir \u0161\u0101das ties\u012bbas saist\u012bb\u0101 ar j\u016bsu personas datiem: Piek\u013cuve datiem: J\u016bs varat piepras\u012bt inform\u0101ciju par to, k\u0101dus j\u016bsu personas datus m\u0113s apstr\u0101d\u0101jam. Datu labo\u0161ana: Ja j\u016bsu dati ir neprec\u012bzi, j\u016bs varat piepras\u012bt tos labot. Datu dz\u0113\u0161ana: J\u016bs varat piepras\u012bt dz\u0113st j\u016bsu personas datus. Iebildumi: J\u016bs varat iebilst pret j\u016bsu personas datu apstr\u0101di. Datu p\u0101rnesam\u012bba: J\u016bs varat piepras\u012bt sa\u0146emt savus personas datus struktur\u0113t\u0101, parasti izmantojam\u0101 form\u0101t\u0101. 9. S\u012bkdatnes M\u0113s izmantojam s\u012bkdatnes, lai uzlabotu j\u016bsu lietot\u0101ja pieredzi m\u016bsu M\u0101jaslap\u0101. S\u012bkdatnes ir mazas teksta datnes, kas tiek saglab\u0101tas j\u016bsu ier\u012bc\u0113, kad j\u016bs apmekl\u0113jat m\u016bsu M\u0101jaslapu. K\u0101das s\u012bkdatnes m\u0113s izmantojam? Sesijas s\u012bkdatnes: \u0160\u012bs s\u012bkdatnes tiek izdz\u0113stas, kad j\u016bs aizverat savu p\u0101rl\u016bkprogrammu. T\u0101s tiek izmantotas, lai atcer\u0113ties j\u016bsu izv\u0113les, piem\u0113ram, valodu. Past\u0101v\u012bg\u0101s s\u012bkdatnes: \u0160\u012bs s\u012bkdatnes tiek saglab\u0101tas j\u016bsu ier\u012bc\u0113 ilg\u0101ku laiku. T\u0101s tiek izmantotas, lai atcer\u0113ties j\u016bsu preferences un uzlabot j\u016bsu lietot\u0101ja pieredzi. K\u0101p\u0113c m\u0113s izmantojam s\u012bkdatnes? M\u0113s izmantojam s\u012bkdatnes, lai: Uzlabot j\u016bsu lietot\u0101ja pieredzi, atcer\u0113ties j\u016bsu preferences un piel\u0101got saturu. Analiz\u0113t, k\u0101 j\u016bs izmantojat m\u016bsu M\u0101jaslapu, lai to uzlabotu. Sniegt jums personaliz\u0113tus m\u0101rketinga pied\u0101v\u0101jumus. K\u0101 j\u016bs varat kontrol\u0113t s\u012bkdatnes? J\u016bs varat kontrol\u0113t s\u012bkdatnes, mainot savas p\u0101rl\u016bkprogrammas iestat\u012bjumus. J\u016bs varat blo\u0137\u0113t s\u012bkdatnes vai izdz\u0113st t\u0101s, kas jau ir saglab\u0101tas j\u016bsu ier\u012bc\u0113. Tom\u0113r, ja j\u016bs blo\u0137\u0113jat visas s\u012bkdatnes, da\u017ei m\u016bsu M\u0101jaslapas elementi var nedarboties pareizi. Lai uzzin\u0101tu vair\u0101k par s\u012bkdatn\u0113m un to p\u0101rvald\u012bbu, l\u016bdzu, apmekl\u0113jiet \u0161\u012bs vietnes: https:\/\/allaboutcookies.org\/ https:\/\/www.aboutcookies.org\/ 10. Google Analytics M\u0113s izmantojam Google Analytics, lai analiz\u0113tu, k\u0101 j\u016bs izmantojat m\u016bsu M\u0101jaslapu. Google Analytics sav\u0101c anon\u012bmus datus par to, k\u0101 apmekl\u0113t\u0101ji izmanto m\u016bsu M\u0101jaslapu. Lai uzzin\u0101tu vair\u0101k par Google Analytics priv\u0101tuma politiku, l\u016bdzu, apmekl\u0113jiet Google Analytics priv\u0101tuma p\u0101rskatu. 11. Sazinieties ar mums Ja jums ir k\u0101di jaut\u0101jumi par \u0161o priv\u0101tuma politiku, l\u016bdzu, sazinieties ar mums, izmantojot kontaktinform\u0101ciju, kas nor\u0101d\u012bta m\u016bsu M\u0101jaslap\u0101. \u0160\u012b priv\u0101tuma politika ir izstr\u0101d\u0101ta 2024. gada 16. septembr\u012b. M\u0113s paturam ties\u012bbas to jebkur\u0101 laik\u0101 main\u012bt.<\/p>","protected":false},"author":1,"featured_media":0,"parent":0,"menu_order":0,"comment_status":"closed","ping_status":"open","template":"","meta":{"footnotes":""},"class_list":["post-3","page","type-page","status-publish","hentry"],"_links":{"self":[{"href":"https:\/\/baltsunmelns.lv\/en\/wp-json\/wp\/v2\/pages\/3","targetHints":{"allow":["GET"]}}],"collection":[{"href":"https:\/\/baltsunmelns.lv\/en\/wp-json\/wp\/v2\/pages"}],"about":[{"href":"https:\/\/baltsunmelns.lv\/en\/wp-json\/wp\/v2\/types\/page"}],"author":[{"embeddable":true,"href":"https:\/\/baltsunmelns.lv\/en\/wp-json\/wp\/v2\/users\/1"}],"replies":[{"embeddable":true,"href":"https:\/\/baltsunmelns.lv\/en\/wp-json\/wp\/v2\/comments?post=3"}],"version-history":[{"count":0,"href":"https:\/\/baltsunmelns.lv\/en\/wp-json\/wp\/v2\/pages\/3\/revisions"}],"wp:attachment":[{"href":"https:\/\/baltsunmelns.lv\/en\/wp-json\/wp\/v2\/media?parent=3"}],"curies":[{"name":"wp","href":"https:\/\/api.w.org\/{rel}","templated":true}]}}